{"id":176,"date":"2024-03-15T14:35:02","date_gmt":"2024-03-15T14:35:02","guid":{"rendered":"https:\/\/ekar.ee\/?page_id=176"},"modified":"2025-03-03T14:35:59","modified_gmt":"2025-03-03T14:35:59","slug":"ohutusmargid","status":"publish","type":"page","link":"https:\/\/ekar.ee\/en\/ohutusmargid\/","title":{"rendered":"Ohutusm\u00e4rgid"},"content":{"rendered":"<div data-elementor-type=\"wp-page\" data-elementor-id=\"176\" class=\"elementor elementor-176\" data-elementor-post-type=\"page\">\n\t\t\t\t<div class=\"elementor-element elementor-element-4ba429a e-flex e-con-boxed e-con e-parent\" data-id=\"4ba429a\" data-element_type=\"container\" data-e-type=\"container\" data-settings=\"{&quot;background_background&quot;:&quot;classic&quot;}\">\n\t\t\t\t\t<div class=\"e-con-inner\">\n\t\t\t\t<div class=\"elementor-element elementor-element-78b5eb4 elementor-nav-menu__align-center elementor-nav-menu--dropdown-tablet elementor-nav-menu__text-align-aside elementor-nav-menu--toggle elementor-nav-menu--burger elementor-widget elementor-widget-nav-menu\" data-id=\"78b5eb4\" data-element_type=\"widget\" data-e-type=\"widget\" data-settings=\"{&quot;layout&quot;:&quot;horizontal&quot;,&quot;submenu_icon&quot;:{&quot;value&quot;:&quot;&lt;svg class=\\&quot;e-font-icon-svg e-fas-caret-down\\&quot; viewBox=\\&quot;0 0 320 512\\&quot; xmlns=\\&quot;http:\\\/\\\/www.w3.org\\\/2000\\\/svg\\&quot;&gt;&lt;path d=\\&quot;M31.3 192h257.3c17.8 0 26.7 21.5 14.1 34.1L174.1 354.8c-7.8 7.8-20.5 7.8-28.3 0L17.2 226.1C4.6 213.5 13.5 192 31.3 192z\\&quot;&gt;&lt;\\\/path&gt;&lt;\\\/svg&gt;&quot;,&quot;library&quot;:&quot;fa-solid&quot;},&quot;toggle&quot;:&quot;burger&quot;}\" data-widget_type=\"nav-menu.default\">\n\t\t\t\t<div class=\"elementor-widget-container\">\n\t\t\t\t\t\t\t\t<nav aria-label=\"Menu\" class=\"elementor-nav-menu--main elementor-nav-menu__container elementor-nav-menu--layout-horizontal e--pointer-background e--animation-fade\">\n\t\t\t\t<ul id=\"menu-1-78b5eb4\" class=\"elementor-nav-menu\"><li class=\"menu-item menu-item-type-post_type menu-item-object-page menu-item-716\"><a href=\"https:\/\/ekar.ee\/en\/lipud\/\" class=\"elementor-item\">Lipud<\/a><\/li>\n<li class=\"menu-item menu-item-type-post_type menu-item-object-page menu-item-715\"><a href=\"https:\/\/ekar.ee\/en\/reklaambannerid\/\" class=\"elementor-item\">Reklaamb\u00e4nnerid<\/a><\/li>\n<li class=\"menu-item menu-item-type-post_type menu-item-object-page menu-item-717\"><a href=\"https:\/\/ekar.ee\/en\/elektriohutusmargid\/\" class=\"elementor-item\">Elektriohutusm\u00e4rgid<\/a><\/li>\n<li class=\"menu-item menu-item-type-post_type menu-item-object-page menu-item-718\"><a href=\"https:\/\/ekar.ee\/en\/ohutusmargid\/\" class=\"elementor-item\">Ohutusm\u00e4rgid<\/a><\/li>\n<li class=\"menu-item menu-item-type-post_type menu-item-object-page menu-item-714\"><a href=\"https:\/\/ekar.ee\/en\/puidutooted\/\" class=\"elementor-item\">Muud tooted<\/a><\/li>\n<\/ul>\t\t\t<\/nav>\n\t\t\t\t\t<div class=\"elementor-menu-toggle\" role=\"button\" tabindex=\"0\" aria-label=\"Menu Toggle\" aria-expanded=\"false\">\n\t\t\t<svg aria-hidden=\"true\" role=\"presentation\" class=\"elementor-menu-toggle__icon--open e-font-icon-svg e-eicon-menu-bar\" viewbox=\"0 0 1000 1000\" xmlns=\"http:\/\/www.w3.org\/2000\/svg\"><path d=\"M104 333H896C929 333 958 304 958 271S929 208 896 208H104C71 208 42 237 42 271S71 333 104 333ZM104 583H896C929 583 958 554 958 521S929 458 896 458H104C71 458 42 487 42 521S71 583 104 583ZM104 833H896C929 833 958 804 958 771S929 708 896 708H104C71 708 42 737 42 771S71 833 104 833Z\"><\/path><\/svg><svg aria-hidden=\"true\" role=\"presentation\" class=\"elementor-menu-toggle__icon--close e-font-icon-svg e-eicon-close\" viewbox=\"0 0 1000 1000\" xmlns=\"http:\/\/www.w3.org\/2000\/svg\"><path d=\"M742 167L500 408 258 167C246 154 233 150 217 150 196 150 179 158 167 167 154 179 150 196 150 212 150 229 154 242 171 254L408 500 167 742C138 771 138 800 167 829 196 858 225 858 254 829L496 587 738 829C750 842 767 846 783 846 800 846 817 842 829 829 842 817 846 804 846 783 846 767 842 750 829 737L588 500 833 258C863 229 863 200 833 171 804 137 775 137 742 167Z\"><\/path><\/svg>\t\t<\/div>\n\t\t\t\t\t<nav class=\"elementor-nav-menu--dropdown elementor-nav-menu__container\" aria-hidden=\"true\">\n\t\t\t\t<ul id=\"menu-2-78b5eb4\" class=\"elementor-nav-menu\"><li class=\"menu-item menu-item-type-post_type menu-item-object-page menu-item-716\"><a href=\"https:\/\/ekar.ee\/en\/lipud\/\" class=\"elementor-item\" tabindex=\"-1\">Lipud<\/a><\/li>\n<li class=\"menu-item menu-item-type-post_type menu-item-object-page menu-item-715\"><a href=\"https:\/\/ekar.ee\/en\/reklaambannerid\/\" class=\"elementor-item\" tabindex=\"-1\">Reklaamb\u00e4nnerid<\/a><\/li>\n<li class=\"menu-item menu-item-type-post_type menu-item-object-page menu-item-717\"><a href=\"https:\/\/ekar.ee\/en\/elektriohutusmargid\/\" class=\"elementor-item\" tabindex=\"-1\">Elektriohutusm\u00e4rgid<\/a><\/li>\n<li class=\"menu-item menu-item-type-post_type menu-item-object-page menu-item-718\"><a href=\"https:\/\/ekar.ee\/en\/ohutusmargid\/\" class=\"elementor-item\" tabindex=\"-1\">Ohutusm\u00e4rgid<\/a><\/li>\n<li class=\"menu-item menu-item-type-post_type menu-item-object-page menu-item-714\"><a href=\"https:\/\/ekar.ee\/en\/puidutooted\/\" class=\"elementor-item\" tabindex=\"-1\">Muud tooted<\/a><\/li>\n<\/ul>\t\t\t<\/nav>\n\t\t\t\t\t\t<\/div>\n\t\t\t\t<\/div>\n\t\t\t\t\t<\/div>\n\t\t\t\t<\/div>\n\t\t<div class=\"elementor-element elementor-element-a80c742 e-flex e-con-boxed e-con e-parent\" data-id=\"a80c742\" data-element_type=\"container\" data-e-type=\"container\">\n\t\t\t\t\t<div class=\"e-con-inner\">\n\t\t<div class=\"elementor-element elementor-element-2d16b10 e-con-full e-flex e-con e-child\" data-id=\"2d16b10\" data-element_type=\"container\" data-e-type=\"container\" data-settings=\"{&quot;background_background&quot;:&quot;classic&quot;}\">\n\t\t\t\t<div class=\"elementor-element elementor-element-1983605 elementor-widget elementor-widget-heading\" data-id=\"1983605\" data-element_type=\"widget\" data-e-type=\"widget\" data-widget_type=\"heading.default\">\n\t\t\t\t<div class=\"elementor-widget-container\">\n\t\t\t\t\t<h1 class=\"elementor-heading-title elementor-size-default\">Ohutusm\u00e4rgid<\/h1>\t\t\t\t<\/div>\n\t\t\t\t<\/div>\n\t\t\t\t<div class=\"elementor-element elementor-element-6ec590e elementor-widget elementor-widget-text-editor\" data-id=\"6ec590e\" data-element_type=\"widget\" data-e-type=\"widget\" data-widget_type=\"text-editor.default\">\n\t\t\t\t<div class=\"elementor-widget-container\">\n\t\t\t\t\t\t\t\t\t<p>Toodame leppem\u00e4rke tuleohutuse, elektriohutuse, t\u00f6\u00f6kaitse ja tervisekaitse tagamiseks ning p\u00e4\u00e4seteede t\u00e4histusi avariiolukordades. Leppem\u00e4rke toodetakse \u201cEesti Veeteede Ameti Leppem\u00e4rkide Kasutamine&#8221; kataloogi ja &#8220;The Maritime Progress Book&#8221; (Inglismaa) kataloogide alusel. Antud ohutusm\u00e4rkide kasutamine on kohustuslik siseruumides ning rangelt regelementeeritud laevanduses, mille tarbeks valmistame suure osa ohutusm\u00e4rkide toodangust.<\/p><p>Eriotstarbelisi m\u00e4rke ja kleebiseid toodetakse tellija soovi j\u00e4rgi.<\/p><p>Pakume erinevaid materjale:<\/p><ul><li>Tavaline kleepkile<\/li><li>PVC plaat paksusega 1 mm<\/li><li>J\u00e4relhelenduv PVC kleepkile<\/li><li>J\u00e4relhelenduv PVC plaat<\/li><\/ul><p>Allpool on v\u00f5imalik tutvuda erinevate ohutusm\u00e4rkide gruppidega.<\/p>\t\t\t\t\t\t\t\t<\/div>\n\t\t\t\t<\/div>\n\t\t\t\t<div class=\"elementor-element elementor-element-26c7adc elementor-widget-mobile__width-initial elementor-widget elementor-widget-gallery\" data-id=\"26c7adc\" data-element_type=\"widget\" data-e-type=\"widget\" data-settings=\"{&quot;gallery_layout&quot;:&quot;justified&quot;,&quot;lazyload&quot;:&quot;yes&quot;,&quot;ideal_row_height&quot;:{&quot;unit&quot;:&quot;px&quot;,&quot;size&quot;:200,&quot;sizes&quot;:[]},&quot;ideal_row_height_tablet&quot;:{&quot;unit&quot;:&quot;px&quot;,&quot;size&quot;:150,&quot;sizes&quot;:[]},&quot;ideal_row_height_mobile&quot;:{&quot;unit&quot;:&quot;px&quot;,&quot;size&quot;:150,&quot;sizes&quot;:[]},&quot;gap&quot;:{&quot;unit&quot;:&quot;px&quot;,&quot;size&quot;:10,&quot;sizes&quot;:[]},&quot;gap_tablet&quot;:{&quot;unit&quot;:&quot;px&quot;,&quot;size&quot;:10,&quot;sizes&quot;:[]},&quot;gap_mobile&quot;:{&quot;unit&quot;:&quot;px&quot;,&quot;size&quot;:10,&quot;sizes&quot;:[]},&quot;link_to&quot;:&quot;file&quot;,&quot;overlay_background&quot;:&quot;yes&quot;,&quot;content_hover_animation&quot;:&quot;fade-in&quot;}\" data-widget_type=\"gallery.default\">\n\t\t\t\t<div class=\"elementor-widget-container\">\n\t\t\t\t\t\t\t<div class=\"elementor-gallery__container\">\n\t\t\t\t\t\t\t<a class=\"e-gallery-item elementor-gallery-item elementor-animated-content\" href=\"https:\/\/ekar.ee\/wp-content\/uploads\/2024\/08\/bussimargid.jpg\" data-elementor-open-lightbox=\"yes\" data-elementor-lightbox-slideshow=\"26c7adc\" data-elementor-lightbox-title=\"bussim\u00e4rgid\" data-e-action-hash=\"#elementor-action%3Aaction%3Dlightbox%26settings%3DeyJpZCI6NTkyLCJ1cmwiOiJodHRwczpcL1wvZWthci5lZVwvd3AtY29udGVudFwvdXBsb2Fkc1wvMjAyNFwvMDhcL2J1c3NpbWFyZ2lkLmpwZyIsInNsaWRlc2hvdyI6IjI2YzdhZGMifQ%3D%3D\">\n\t\t\t\t\t<div class=\"e-gallery-image elementor-gallery-item__image\" data-thumbnail=\"https:\/\/ekar.ee\/wp-content\/uploads\/2024\/08\/bussimargid-300x114.jpg\" data-width=\"300\" data-height=\"114\" aria-label=\"bussim\u00e4rgid\" role=\"img\" ><\/div>\n\t\t\t\t\t\t\t\t\t\t\t<div class=\"elementor-gallery-item__overlay\"><\/div>\n\t\t\t\t\t\t\t\t\t\t\t\t\t\t<\/a>\n\t\t\t\t\t\t\t<a class=\"e-gallery-item elementor-gallery-item elementor-animated-content\" href=\"https:\/\/ekar.ee\/wp-content\/uploads\/2024\/08\/hoiatusmargid.jpg\" data-elementor-open-lightbox=\"yes\" data-elementor-lightbox-slideshow=\"26c7adc\" data-elementor-lightbox-title=\"hoiatusm\u00e4rgid\" data-e-action-hash=\"#elementor-action%3Aaction%3Dlightbox%26settings%3DeyJpZCI6NTkzLCJ1cmwiOiJodHRwczpcL1wvZWthci5lZVwvd3AtY29udGVudFwvdXBsb2Fkc1wvMjAyNFwvMDhcL2hvaWF0dXNtYXJnaWQuanBnIiwic2xpZGVzaG93IjoiMjZjN2FkYyJ9\">\n\t\t\t\t\t<div class=\"e-gallery-image elementor-gallery-item__image\" data-thumbnail=\"https:\/\/ekar.ee\/wp-content\/uploads\/2024\/08\/hoiatusmargid-224x300.jpg\" data-width=\"224\" data-height=\"300\" aria-label=\"hoiatusm\u00e4rgid\" role=\"img\" ><\/div>\n\t\t\t\t\t\t\t\t\t\t\t<div class=\"elementor-gallery-item__overlay\"><\/div>\n\t\t\t\t\t\t\t\t\t\t\t\t\t\t<\/a>\n\t\t\t\t\t\t\t<a class=\"e-gallery-item elementor-gallery-item elementor-animated-content\" href=\"https:\/\/ekar.ee\/wp-content\/uploads\/2024\/08\/keelumargid.jpg\" data-elementor-open-lightbox=\"yes\" data-elementor-lightbox-slideshow=\"26c7adc\" data-elementor-lightbox-title=\"keelum\u00e4rgid\" data-e-action-hash=\"#elementor-action%3Aaction%3Dlightbox%26settings%3DeyJpZCI6NTk0LCJ1cmwiOiJodHRwczpcL1wvZWthci5lZVwvd3AtY29udGVudFwvdXBsb2Fkc1wvMjAyNFwvMDhcL2tlZWx1bWFyZ2lkLmpwZyIsInNsaWRlc2hvdyI6IjI2YzdhZGMifQ%3D%3D\">\n\t\t\t\t\t<div class=\"e-gallery-image elementor-gallery-item__image\" data-thumbnail=\"https:\/\/ekar.ee\/wp-content\/uploads\/2024\/08\/keelumargid-300x210.jpg\" data-width=\"300\" data-height=\"210\" aria-label=\"keelum\u00e4rgid\" role=\"img\" ><\/div>\n\t\t\t\t\t\t\t\t\t\t\t<div class=\"elementor-gallery-item__overlay\"><\/div>\n\t\t\t\t\t\t\t\t\t\t\t\t\t\t<\/a>\n\t\t\t\t\t\t\t<a class=\"e-gallery-item elementor-gallery-item elementor-animated-content\" href=\"https:\/\/ekar.ee\/wp-content\/uploads\/2024\/08\/kohustusmargid.jpg\" data-elementor-open-lightbox=\"yes\" data-elementor-lightbox-slideshow=\"26c7adc\" data-elementor-lightbox-title=\"kohustusm\u00e4rgid\" data-e-action-hash=\"#elementor-action%3Aaction%3Dlightbox%26settings%3DeyJpZCI6NTk1LCJ1cmwiOiJodHRwczpcL1wvZWthci5lZVwvd3AtY29udGVudFwvdXBsb2Fkc1wvMjAyNFwvMDhcL2tvaHVzdHVzbWFyZ2lkLmpwZyIsInNsaWRlc2hvdyI6IjI2YzdhZGMifQ%3D%3D\">\n\t\t\t\t\t<div class=\"e-gallery-image elementor-gallery-item__image\" data-thumbnail=\"https:\/\/ekar.ee\/wp-content\/uploads\/2024\/08\/kohustusmargid-300x147.jpg\" data-width=\"300\" data-height=\"147\" aria-label=\"kohustusm\u00e4rgid\" role=\"img\" ><\/div>\n\t\t\t\t\t\t\t\t\t\t\t<div class=\"elementor-gallery-item__overlay\"><\/div>\n\t\t\t\t\t\t\t\t\t\t\t\t\t\t<\/a>\n\t\t\t\t\t\t\t<a class=\"e-gallery-item elementor-gallery-item elementor-animated-content\" href=\"https:\/\/ekar.ee\/wp-content\/uploads\/2024\/08\/laevamargid.jpg\" data-elementor-open-lightbox=\"yes\" data-elementor-lightbox-slideshow=\"26c7adc\" data-elementor-lightbox-title=\"laevam\u00e4rgid\" data-e-action-hash=\"#elementor-action%3Aaction%3Dlightbox%26settings%3DeyJpZCI6NTk2LCJ1cmwiOiJodHRwczpcL1wvZWthci5lZVwvd3AtY29udGVudFwvdXBsb2Fkc1wvMjAyNFwvMDhcL2xhZXZhbWFyZ2lkLmpwZyIsInNsaWRlc2hvdyI6IjI2YzdhZGMifQ%3D%3D\">\n\t\t\t\t\t<div class=\"e-gallery-image elementor-gallery-item__image\" data-thumbnail=\"https:\/\/ekar.ee\/wp-content\/uploads\/2024\/08\/laevamargid-181x300.jpg\" data-width=\"181\" data-height=\"300\" aria-label=\"laevam\u00e4rgid\" role=\"img\" ><\/div>\n\t\t\t\t\t\t\t\t\t\t\t<div class=\"elementor-gallery-item__overlay\"><\/div>\n\t\t\t\t\t\t\t\t\t\t\t\t\t\t<\/a>\n\t\t\t\t\t\t\t<a class=\"e-gallery-item elementor-gallery-item elementor-animated-content\" href=\"https:\/\/ekar.ee\/wp-content\/uploads\/2024\/08\/laevamargid2.jpg\" data-elementor-open-lightbox=\"yes\" data-elementor-lightbox-slideshow=\"26c7adc\" data-elementor-lightbox-title=\"laevam\u00e4rgid2\" data-e-action-hash=\"#elementor-action%3Aaction%3Dlightbox%26settings%3DeyJpZCI6NTk3LCJ1cmwiOiJodHRwczpcL1wvZWthci5lZVwvd3AtY29udGVudFwvdXBsb2Fkc1wvMjAyNFwvMDhcL2xhZXZhbWFyZ2lkMi5qcGciLCJzbGlkZXNob3ciOiIyNmM3YWRjIn0%3D\">\n\t\t\t\t\t<div class=\"e-gallery-image elementor-gallery-item__image\" data-thumbnail=\"https:\/\/ekar.ee\/wp-content\/uploads\/2024\/08\/laevamargid2-295x300.jpg\" data-width=\"295\" data-height=\"300\" aria-label=\"laevam\u00e4rgid2\" role=\"img\" ><\/div>\n\t\t\t\t\t\t\t\t\t\t\t<div class=\"elementor-gallery-item__overlay\"><\/div>\n\t\t\t\t\t\t\t\t\t\t\t\t\t\t<\/a>\n\t\t\t\t\t\t\t<a class=\"e-gallery-item elementor-gallery-item elementor-animated-content\" href=\"https:\/\/ekar.ee\/wp-content\/uploads\/2024\/08\/paaseteed.jpg\" data-elementor-open-lightbox=\"yes\" data-elementor-lightbox-slideshow=\"26c7adc\" data-elementor-lightbox-title=\"p\u00e4\u00e4seteed\" data-e-action-hash=\"#elementor-action%3Aaction%3Dlightbox%26settings%3DeyJpZCI6NTk4LCJ1cmwiOiJodHRwczpcL1wvZWthci5lZVwvd3AtY29udGVudFwvdXBsb2Fkc1wvMjAyNFwvMDhcL3BhYXNldGVlZC5qcGciLCJzbGlkZXNob3ciOiIyNmM3YWRjIn0%3D\">\n\t\t\t\t\t<div class=\"e-gallery-image elementor-gallery-item__image\" data-thumbnail=\"https:\/\/ekar.ee\/wp-content\/uploads\/2024\/08\/paaseteed-257x300.jpg\" data-width=\"257\" data-height=\"300\" aria-label=\"p\u00e4\u00e4seteed\" role=\"img\" ><\/div>\n\t\t\t\t\t\t\t\t\t\t\t<div class=\"elementor-gallery-item__overlay\"><\/div>\n\t\t\t\t\t\t\t\t\t\t\t\t\t\t<\/a>\n\t\t\t\t\t\t\t<a class=\"e-gallery-item elementor-gallery-item elementor-animated-content\" href=\"https:\/\/ekar.ee\/wp-content\/uploads\/2024\/08\/pakendimargistus.jpg\" data-elementor-open-lightbox=\"yes\" data-elementor-lightbox-slideshow=\"26c7adc\" data-elementor-lightbox-title=\"pakendim\u00e4rgistus\" data-e-action-hash=\"#elementor-action%3Aaction%3Dlightbox%26settings%3DeyJpZCI6NTk5LCJ1cmwiOiJodHRwczpcL1wvZWthci5lZVwvd3AtY29udGVudFwvdXBsb2Fkc1wvMjAyNFwvMDhcL3Bha2VuZGltYXJnaXN0dXMuanBnIiwic2xpZGVzaG93IjoiMjZjN2FkYyJ9\">\n\t\t\t\t\t<div class=\"e-gallery-image elementor-gallery-item__image\" data-thumbnail=\"https:\/\/ekar.ee\/wp-content\/uploads\/2024\/08\/pakendimargistus-300x267.jpg\" data-width=\"300\" data-height=\"267\" aria-label=\"pakendim\u00e4rgistus\" role=\"img\" ><\/div>\n\t\t\t\t\t\t\t\t\t\t\t<div class=\"elementor-gallery-item__overlay\"><\/div>\n\t\t\t\t\t\t\t\t\t\t\t\t\t\t<\/a>\n\t\t\t\t\t\t\t<a class=\"e-gallery-item elementor-gallery-item elementor-animated-content\" href=\"https:\/\/ekar.ee\/wp-content\/uploads\/2024\/08\/tuletorjemargid.jpg\" data-elementor-open-lightbox=\"yes\" data-elementor-lightbox-slideshow=\"26c7adc\" data-elementor-lightbox-title=\"tulet\u00f5rjem\u00e4rgid\" data-e-action-hash=\"#elementor-action%3Aaction%3Dlightbox%26settings%3DeyJpZCI6NjAwLCJ1cmwiOiJodHRwczpcL1wvZWthci5lZVwvd3AtY29udGVudFwvdXBsb2Fkc1wvMjAyNFwvMDhcL3R1bGV0b3JqZW1hcmdpZC5qcGciLCJzbGlkZXNob3ciOiIyNmM3YWRjIn0%3D\">\n\t\t\t\t\t<div class=\"e-gallery-image elementor-gallery-item__image\" data-thumbnail=\"https:\/\/ekar.ee\/wp-content\/uploads\/2024\/08\/tuletorjemargid-300x250.jpg\" data-width=\"300\" data-height=\"250\" aria-label=\"tulet\u00f5rjem\u00e4rgid\" role=\"img\" ><\/div>\n\t\t\t\t\t\t\t\t\t\t\t<div class=\"elementor-gallery-item__overlay\"><\/div>\n\t\t\t\t\t\t\t\t\t\t\t\t\t\t<\/a>\n\t\t\t\t\t<\/div>\n\t\t\t\t\t<\/div>\n\t\t\t\t<\/div>\n\t\t\t\t<\/div>\n\t\t\t\t\t<\/div>\n\t\t\t\t<\/div>\n\t\t\t\t<\/div>","protected":false},"excerpt":{"rendered":"<p>Ohutusm\u00e4rgid Toodame leppem\u00e4rke tuleohutuse, elektriohutuse, t\u00f6\u00f6kaitse ja tervisekaitse tagamiseks ning p\u00e4\u00e4seteede t\u00e4histusi avariiolukordades. Leppem\u00e4rke toodetakse \u201cEesti Veeteede Ameti Leppem\u00e4rkide Kasutamine&#8221; kataloogi ja &#8220;The Maritime Progress Book&#8221; (Inglismaa) kataloogide alusel. Antud ohutusm\u00e4rkide kasutamine on kohustuslik siseruumides ning rangelt regelementeeritud laevanduses, mille tarbeks valmistame suure osa ohutusm\u00e4rkide toodangust. Eriotstarbelisi m\u00e4rke ja kleebiseid toodetakse tellija soovi j\u00e4rgi. Pakume [&hellip;]<\/p>","protected":false},"author":1,"featured_media":0,"parent":0,"menu_order":0,"comment_status":"closed","ping_status":"closed","template":"","meta":{"footnotes":""},"class_list":["post-176","page","type-page","status-publish","hentry"],"_links":{"self":[{"href":"https:\/\/ekar.ee\/en\/wp-json\/wp\/v2\/pages\/176","targetHints":{"allow":["GET"]}}],"collection":[{"href":"https:\/\/ekar.ee\/en\/wp-json\/wp\/v2\/pages"}],"about":[{"href":"https:\/\/ekar.ee\/en\/wp-json\/wp\/v2\/types\/page"}],"author":[{"embeddable":true,"href":"https:\/\/ekar.ee\/en\/wp-json\/wp\/v2\/users\/1"}],"replies":[{"embeddable":true,"href":"https:\/\/ekar.ee\/en\/wp-json\/wp\/v2\/comments?post=176"}],"version-history":[{"count":5,"href":"https:\/\/ekar.ee\/en\/wp-json\/wp\/v2\/pages\/176\/revisions"}],"predecessor-version":[{"id":1203,"href":"https:\/\/ekar.ee\/en\/wp-json\/wp\/v2\/pages\/176\/revisions\/1203"}],"wp:attachment":[{"href":"https:\/\/ekar.ee\/en\/wp-json\/wp\/v2\/media?parent=176"}],"curies":[{"name":"wp","href":"https:\/\/api.w.org\/{rel}","templated":true}]}}