{"id":180,"date":"2024-03-15T14:36:09","date_gmt":"2024-03-15T14:36:09","guid":{"rendered":"https:\/\/ekar.ee\/?page_id=180"},"modified":"2025-03-03T14:39:51","modified_gmt":"2025-03-03T14:39:51","slug":"lipud","status":"publish","type":"page","link":"https:\/\/ekar.ee\/en\/lipud\/","title":{"rendered":"Lipud"},"content":{"rendered":"<div data-elementor-type=\"wp-page\" data-elementor-id=\"180\" class=\"elementor elementor-180\" data-elementor-post-type=\"page\">\n\t\t\t\t<div class=\"elementor-element elementor-element-fda211e e-flex e-con-boxed e-con e-parent\" data-id=\"fda211e\" data-element_type=\"container\" data-e-type=\"container\" data-settings=\"{&quot;background_background&quot;:&quot;classic&quot;}\">\n\t\t\t\t\t<div class=\"e-con-inner\">\n\t\t\t\t<div class=\"elementor-element elementor-element-4768b5e elementor-nav-menu__align-center elementor-nav-menu--dropdown-tablet elementor-nav-menu__text-align-aside elementor-nav-menu--toggle elementor-nav-menu--burger elementor-widget elementor-widget-nav-menu\" data-id=\"4768b5e\" data-element_type=\"widget\" data-e-type=\"widget\" data-settings=\"{&quot;layout&quot;:&quot;horizontal&quot;,&quot;submenu_icon&quot;:{&quot;value&quot;:&quot;&lt;svg class=\\&quot;e-font-icon-svg e-fas-caret-down\\&quot; viewBox=\\&quot;0 0 320 512\\&quot; xmlns=\\&quot;http:\\\/\\\/www.w3.org\\\/2000\\\/svg\\&quot;&gt;&lt;path d=\\&quot;M31.3 192h257.3c17.8 0 26.7 21.5 14.1 34.1L174.1 354.8c-7.8 7.8-20.5 7.8-28.3 0L17.2 226.1C4.6 213.5 13.5 192 31.3 192z\\&quot;&gt;&lt;\\\/path&gt;&lt;\\\/svg&gt;&quot;,&quot;library&quot;:&quot;fa-solid&quot;},&quot;toggle&quot;:&quot;burger&quot;}\" data-widget_type=\"nav-menu.default\">\n\t\t\t\t<div class=\"elementor-widget-container\">\n\t\t\t\t\t\t\t\t<nav aria-label=\"Menu\" class=\"elementor-nav-menu--main elementor-nav-menu__container elementor-nav-menu--layout-horizontal e--pointer-background e--animation-fade\">\n\t\t\t\t<ul id=\"menu-1-4768b5e\" class=\"elementor-nav-menu\"><li class=\"menu-item menu-item-type-post_type menu-item-object-page menu-item-716\"><a href=\"https:\/\/ekar.ee\/en\/lipud\/\" class=\"elementor-item\">Lipud<\/a><\/li>\n<li class=\"menu-item menu-item-type-post_type menu-item-object-page menu-item-715\"><a href=\"https:\/\/ekar.ee\/en\/reklaambannerid\/\" class=\"elementor-item\">Reklaamb\u00e4nnerid<\/a><\/li>\n<li class=\"menu-item menu-item-type-post_type menu-item-object-page menu-item-717\"><a href=\"https:\/\/ekar.ee\/en\/elektriohutusmargid\/\" class=\"elementor-item\">Elektriohutusm\u00e4rgid<\/a><\/li>\n<li class=\"menu-item menu-item-type-post_type menu-item-object-page menu-item-718\"><a href=\"https:\/\/ekar.ee\/en\/ohutusmargid\/\" class=\"elementor-item\">Ohutusm\u00e4rgid<\/a><\/li>\n<li class=\"menu-item menu-item-type-post_type menu-item-object-page menu-item-714\"><a href=\"https:\/\/ekar.ee\/en\/puidutooted\/\" class=\"elementor-item\">Muud tooted<\/a><\/li>\n<\/ul>\t\t\t<\/nav>\n\t\t\t\t\t<div class=\"elementor-menu-toggle\" role=\"button\" tabindex=\"0\" aria-label=\"Menu Toggle\" aria-expanded=\"false\">\n\t\t\t<svg aria-hidden=\"true\" role=\"presentation\" class=\"elementor-menu-toggle__icon--open e-font-icon-svg e-eicon-menu-bar\" viewbox=\"0 0 1000 1000\" xmlns=\"http:\/\/www.w3.org\/2000\/svg\"><path d=\"M104 333H896C929 333 958 304 958 271S929 208 896 208H104C71 208 42 237 42 271S71 333 104 333ZM104 583H896C929 583 958 554 958 521S929 458 896 458H104C71 458 42 487 42 521S71 583 104 583ZM104 833H896C929 833 958 804 958 771S929 708 896 708H104C71 708 42 737 42 771S71 833 104 833Z\"><\/path><\/svg><svg aria-hidden=\"true\" role=\"presentation\" class=\"elementor-menu-toggle__icon--close e-font-icon-svg e-eicon-close\" viewbox=\"0 0 1000 1000\" xmlns=\"http:\/\/www.w3.org\/2000\/svg\"><path d=\"M742 167L500 408 258 167C246 154 233 150 217 150 196 150 179 158 167 167 154 179 150 196 150 212 150 229 154 242 171 254L408 500 167 742C138 771 138 800 167 829 196 858 225 858 254 829L496 587 738 829C750 842 767 846 783 846 800 846 817 842 829 829 842 817 846 804 846 783 846 767 842 750 829 737L588 500 833 258C863 229 863 200 833 171 804 137 775 137 742 167Z\"><\/path><\/svg>\t\t<\/div>\n\t\t\t\t\t<nav class=\"elementor-nav-menu--dropdown elementor-nav-menu__container\" aria-hidden=\"true\">\n\t\t\t\t<ul id=\"menu-2-4768b5e\" class=\"elementor-nav-menu\"><li class=\"menu-item menu-item-type-post_type menu-item-object-page menu-item-716\"><a href=\"https:\/\/ekar.ee\/en\/lipud\/\" class=\"elementor-item\" tabindex=\"-1\">Lipud<\/a><\/li>\n<li class=\"menu-item menu-item-type-post_type menu-item-object-page menu-item-715\"><a href=\"https:\/\/ekar.ee\/en\/reklaambannerid\/\" class=\"elementor-item\" tabindex=\"-1\">Reklaamb\u00e4nnerid<\/a><\/li>\n<li class=\"menu-item menu-item-type-post_type menu-item-object-page menu-item-717\"><a href=\"https:\/\/ekar.ee\/en\/elektriohutusmargid\/\" class=\"elementor-item\" tabindex=\"-1\">Elektriohutusm\u00e4rgid<\/a><\/li>\n<li class=\"menu-item menu-item-type-post_type menu-item-object-page menu-item-718\"><a href=\"https:\/\/ekar.ee\/en\/ohutusmargid\/\" class=\"elementor-item\" tabindex=\"-1\">Ohutusm\u00e4rgid<\/a><\/li>\n<li class=\"menu-item menu-item-type-post_type menu-item-object-page menu-item-714\"><a href=\"https:\/\/ekar.ee\/en\/puidutooted\/\" class=\"elementor-item\" tabindex=\"-1\">Muud tooted<\/a><\/li>\n<\/ul>\t\t\t<\/nav>\n\t\t\t\t\t\t<\/div>\n\t\t\t\t<\/div>\n\t\t\t\t\t<\/div>\n\t\t\t\t<\/div>\n\t\t<div class=\"elementor-element elementor-element-31650a6 e-flex e-con-boxed e-con e-parent\" data-id=\"31650a6\" data-element_type=\"container\" data-e-type=\"container\" data-settings=\"{&quot;background_background&quot;:&quot;slideshow&quot;,&quot;background_slideshow_gallery&quot;:[],&quot;background_slideshow_loop&quot;:&quot;yes&quot;,&quot;background_slideshow_slide_duration&quot;:5000,&quot;background_slideshow_slide_transition&quot;:&quot;fade&quot;,&quot;background_slideshow_transition_duration&quot;:500}\">\n\t\t\t\t\t<div class=\"e-con-inner\">\n\t\t<div class=\"elementor-element elementor-element-cd4663f e-con-full e-flex e-con e-child\" data-id=\"cd4663f\" data-element_type=\"container\" data-e-type=\"container\" data-settings=\"{&quot;background_background&quot;:&quot;classic&quot;}\">\n\t\t\t\t<div class=\"elementor-element elementor-element-4d690c9 elementor-widget elementor-widget-heading\" data-id=\"4d690c9\" data-element_type=\"widget\" data-e-type=\"widget\" data-widget_type=\"heading.default\">\n\t\t\t\t<div class=\"elementor-widget-container\">\n\t\t\t\t\t<h1 class=\"elementor-heading-title elementor-size-default\">Lipud<\/h1>\t\t\t\t<\/div>\n\t\t\t\t<\/div>\n\t\t\t\t<div class=\"elementor-element elementor-element-f2d0c88 elementor-widget elementor-widget-text-editor\" data-id=\"f2d0c88\" data-element_type=\"widget\" data-e-type=\"widget\" data-widget_type=\"text-editor.default\">\n\t\t\t\t<div class=\"elementor-widget-container\">\n\t\t\t\t\t\t\t\t\t<p>Lipud on l\u00e4bi aegade olnud \u00fcks Ekar Tr\u00fckk O\u00dc peamiseid m\u00fc\u00fcgartikleid. Meie lipud ehivad t\u00e4nagi k\u00fcmnete firmade peakontorite esiseid ning on toonud tuhandetele r\u00f5\u00f5mu suur\u00fcritustel.<\/p><p>Valmistame nii v\u00e4ikeseid lippe laua peale v\u00f5i lehvitamiseks kui ka t\u00e4ism\u00f5\u00f5tmelises formaadis. Suurep\u00e4rane moodus firmale esinduslikust lisada on justnimelt lippude kaudu. Lipp paistab kaugele silma ning annab just midagi, mida on raske s\u00f5nadesse panna, kuid mida me k\u00f5ik tajume lehviva mastilipu all seistes.<\/p><p>V\u00e4ikesed laua peale m\u00f5eldud ning lehvituslipud on tr\u00fckitud mitmest eri v\u00e4rvist ning ilma \u00f5mblusteta. See tagab lippudele esteetilise v\u00e4limuse, mida v\u00e4ikeste lippude puhul \u00f5mblused rikuksid. Suurte lippude tarbeks kasutame \u00f5mblusmeetodit ning digitaaltr\u00fckki. \u00d5mmeldakse kokku nii \u00e4\u00e4red kui ka erinevad v\u00e4rvid, Eesti lipu puhul n\u00e4iteks k\u00f5ik trikoloori osad. Selliste lippude tarbeks kasutame spetsiaalset lipukangast, mis tagab hea vastupidavuse ilmastikutingimustele, aitab kaasa k\u00f5rge kvaliteetse tr\u00fcki saavutamisele ning tagab kerguse ning \u00f5hulisuse t\u00f5ttu visuaalselt hea lehvivuse.<\/p><p>Valmistame ka lipualuseid laualippudele ning kepikesi, mille k\u00fclge lipud kinnitada.<\/p>\t\t\t\t\t\t\t\t<\/div>\n\t\t\t\t<\/div>\n\t\t\t\t<div class=\"elementor-element elementor-element-92b5256 elementor-widget elementor-widget-gallery\" data-id=\"92b5256\" data-element_type=\"widget\" data-e-type=\"widget\" data-settings=\"{&quot;gallery_layout&quot;:&quot;justified&quot;,&quot;lazyload&quot;:&quot;yes&quot;,&quot;ideal_row_height&quot;:{&quot;unit&quot;:&quot;px&quot;,&quot;size&quot;:200,&quot;sizes&quot;:[]},&quot;ideal_row_height_tablet&quot;:{&quot;unit&quot;:&quot;px&quot;,&quot;size&quot;:150,&quot;sizes&quot;:[]},&quot;ideal_row_height_mobile&quot;:{&quot;unit&quot;:&quot;px&quot;,&quot;size&quot;:150,&quot;sizes&quot;:[]},&quot;gap&quot;:{&quot;unit&quot;:&quot;px&quot;,&quot;size&quot;:10,&quot;sizes&quot;:[]},&quot;gap_tablet&quot;:{&quot;unit&quot;:&quot;px&quot;,&quot;size&quot;:10,&quot;sizes&quot;:[]},&quot;gap_mobile&quot;:{&quot;unit&quot;:&quot;px&quot;,&quot;size&quot;:10,&quot;sizes&quot;:[]},&quot;link_to&quot;:&quot;file&quot;,&quot;overlay_background&quot;:&quot;yes&quot;,&quot;content_hover_animation&quot;:&quot;fade-in&quot;}\" data-widget_type=\"gallery.default\">\n\t\t\t\t<div class=\"elementor-widget-container\">\n\t\t\t\t\t\t\t<div class=\"elementor-gallery__container\">\n\t\t\t\t\t\t\t<a class=\"e-gallery-item elementor-gallery-item elementor-animated-content\" href=\"https:\/\/ekar.ee\/wp-content\/uploads\/2024\/08\/Eesti-lipud-vaikesed-2-scaled.jpg\" data-elementor-open-lightbox=\"yes\" data-elementor-lightbox-slideshow=\"92b5256\" data-elementor-lightbox-title=\"Eesti lipud v\u00e4ikesed 2\" data-e-action-hash=\"#elementor-action%3Aaction%3Dlightbox%26settings%3DeyJpZCI6NDk4LCJ1cmwiOiJodHRwczpcL1wvZWthci5lZVwvd3AtY29udGVudFwvdXBsb2Fkc1wvMjAyNFwvMDhcL0Vlc3RpLWxpcHVkLXZhaWtlc2VkLTItc2NhbGVkLmpwZyIsInNsaWRlc2hvdyI6IjkyYjUyNTYifQ%3D%3D\">\n\t\t\t\t\t<div class=\"e-gallery-image elementor-gallery-item__image\" data-thumbnail=\"https:\/\/ekar.ee\/wp-content\/uploads\/2024\/08\/Eesti-lipud-vaikesed-2-300x226.jpg\" data-width=\"300\" data-height=\"226\" aria-label=\"Eesti lipud v\u00e4ikesed 2\" role=\"img\" ><\/div>\n\t\t\t\t\t\t\t\t\t\t\t<div class=\"elementor-gallery-item__overlay\"><\/div>\n\t\t\t\t\t\t\t\t\t\t\t\t\t\t<\/a>\n\t\t\t\t\t\t\t<a class=\"e-gallery-item elementor-gallery-item elementor-animated-content\" href=\"https:\/\/ekar.ee\/wp-content\/uploads\/2024\/08\/Eesti-lipud-4-scaled.jpg\" data-elementor-open-lightbox=\"yes\" data-elementor-lightbox-slideshow=\"92b5256\" data-elementor-lightbox-title=\"Eesti lipud 4\" data-e-action-hash=\"#elementor-action%3Aaction%3Dlightbox%26settings%3DeyJpZCI6NTAwLCJ1cmwiOiJodHRwczpcL1wvZWthci5lZVwvd3AtY29udGVudFwvdXBsb2Fkc1wvMjAyNFwvMDhcL0Vlc3RpLWxpcHVkLTQtc2NhbGVkLmpwZyIsInNsaWRlc2hvdyI6IjkyYjUyNTYifQ%3D%3D\">\n\t\t\t\t\t<div class=\"e-gallery-image elementor-gallery-item__image\" data-thumbnail=\"https:\/\/ekar.ee\/wp-content\/uploads\/2024\/08\/Eesti-lipud-4-226x300.jpg\" data-width=\"226\" data-height=\"300\" aria-label=\"Eesti lipud 4\" role=\"img\" ><\/div>\n\t\t\t\t\t\t\t\t\t\t\t<div class=\"elementor-gallery-item__overlay\"><\/div>\n\t\t\t\t\t\t\t\t\t\t\t\t\t\t<\/a>\n\t\t\t\t\t\t\t<a class=\"e-gallery-item elementor-gallery-item elementor-animated-content\" href=\"https:\/\/ekar.ee\/wp-content\/uploads\/2024\/08\/Vaikesed-riigilipud-scaled.jpg\" data-elementor-open-lightbox=\"yes\" data-elementor-lightbox-slideshow=\"92b5256\" data-elementor-lightbox-title=\"V\u00e4ikesed riigilipud\" data-e-action-hash=\"#elementor-action%3Aaction%3Dlightbox%26settings%3DeyJpZCI6NTAxLCJ1cmwiOiJodHRwczpcL1wvZWthci5lZVwvd3AtY29udGVudFwvdXBsb2Fkc1wvMjAyNFwvMDhcL1ZhaWtlc2VkLXJpaWdpbGlwdWQtc2NhbGVkLmpwZyIsInNsaWRlc2hvdyI6IjkyYjUyNTYifQ%3D%3D\">\n\t\t\t\t\t<div class=\"e-gallery-image elementor-gallery-item__image\" data-thumbnail=\"https:\/\/ekar.ee\/wp-content\/uploads\/2024\/08\/Vaikesed-riigilipud-300x226.jpg\" data-width=\"300\" data-height=\"226\" aria-label=\"V\u00e4ikesed riigilipud\" role=\"img\" ><\/div>\n\t\t\t\t\t\t\t\t\t\t\t<div class=\"elementor-gallery-item__overlay\"><\/div>\n\t\t\t\t\t\t\t\t\t\t\t\t\t\t<\/a>\n\t\t\t\t\t\t\t<a class=\"e-gallery-item elementor-gallery-item elementor-animated-content\" href=\"https:\/\/ekar.ee\/wp-content\/uploads\/2024\/08\/Terminal-mastilipud.jpg\" data-elementor-open-lightbox=\"yes\" data-elementor-lightbox-slideshow=\"92b5256\" data-elementor-lightbox-title=\"Terminal mastilipud\" data-e-action-hash=\"#elementor-action%3Aaction%3Dlightbox%26settings%3DeyJpZCI6NTAyLCJ1cmwiOiJodHRwczpcL1wvZWthci5lZVwvd3AtY29udGVudFwvdXBsb2Fkc1wvMjAyNFwvMDhcL1Rlcm1pbmFsLW1hc3RpbGlwdWQuanBnIiwic2xpZGVzaG93IjoiOTJiNTI1NiJ9\">\n\t\t\t\t\t<div class=\"e-gallery-image elementor-gallery-item__image\" data-thumbnail=\"https:\/\/ekar.ee\/wp-content\/uploads\/2024\/08\/Terminal-mastilipud-300x200.jpg\" data-width=\"300\" data-height=\"200\" aria-label=\"Terminal mastilipud\" role=\"img\" ><\/div>\n\t\t\t\t\t\t\t\t\t\t\t<div class=\"elementor-gallery-item__overlay\"><\/div>\n\t\t\t\t\t\t\t\t\t\t\t\t\t\t<\/a>\n\t\t\t\t\t<\/div>\n\t\t\t\t\t<\/div>\n\t\t\t\t<\/div>\n\t\t\t\t<\/div>\n\t\t\t\t\t<\/div>\n\t\t\t\t<\/div>\n\t\t\t\t<\/div>","protected":false},"excerpt":{"rendered":"<p>Lipud Lipud on l\u00e4bi aegade olnud \u00fcks Ekar Tr\u00fckk O\u00dc peamiseid m\u00fc\u00fcgartikleid. Meie lipud ehivad t\u00e4nagi k\u00fcmnete firmade peakontorite esiseid ning on toonud tuhandetele r\u00f5\u00f5mu suur\u00fcritustel. Valmistame nii v\u00e4ikeseid lippe laua peale v\u00f5i lehvitamiseks kui ka t\u00e4ism\u00f5\u00f5tmelises formaadis. Suurep\u00e4rane moodus firmale esinduslikust lisada on justnimelt lippude kaudu. Lipp paistab kaugele silma ning annab just midagi, [&hellip;]<\/p>","protected":false},"author":1,"featured_media":0,"parent":0,"menu_order":0,"comment_status":"closed","ping_status":"closed","template":"","meta":{"footnotes":""},"class_list":["post-180","page","type-page","status-publish","hentry"],"_links":{"self":[{"href":"https:\/\/ekar.ee\/en\/wp-json\/wp\/v2\/pages\/180","targetHints":{"allow":["GET"]}}],"collection":[{"href":"https:\/\/ekar.ee\/en\/wp-json\/wp\/v2\/pages"}],"about":[{"href":"https:\/\/ekar.ee\/en\/wp-json\/wp\/v2\/types\/page"}],"author":[{"embeddable":true,"href":"https:\/\/ekar.ee\/en\/wp-json\/wp\/v2\/users\/1"}],"replies":[{"embeddable":true,"href":"https:\/\/ekar.ee\/en\/wp-json\/wp\/v2\/comments?post=180"}],"version-history":[{"count":5,"href":"https:\/\/ekar.ee\/en\/wp-json\/wp\/v2\/pages\/180\/revisions"}],"predecessor-version":[{"id":1206,"href":"https:\/\/ekar.ee\/en\/wp-json\/wp\/v2\/pages\/180\/revisions\/1206"}],"wp:attachment":[{"href":"https:\/\/ekar.ee\/en\/wp-json\/wp\/v2\/media?parent=180"}],"curies":[{"name":"wp","href":"https:\/\/api.w.org\/{rel}","templated":true}]}}