{"id":182,"date":"2024-03-15T14:36:25","date_gmt":"2024-03-15T14:36:25","guid":{"rendered":"https:\/\/ekar.ee\/?page_id=182"},"modified":"2025-03-03T14:51:41","modified_gmt":"2025-03-03T14:51:41","slug":"reklaambannerid","status":"publish","type":"page","link":"https:\/\/ekar.ee\/en\/reklaambannerid\/","title":{"rendered":"Reklaamb\u00e4nnerid"},"content":{"rendered":"<div data-elementor-type=\"wp-page\" data-elementor-id=\"182\" class=\"elementor elementor-182\" data-elementor-post-type=\"page\">\n\t\t\t\t<div class=\"elementor-element elementor-element-c82f407 e-flex e-con-boxed e-con e-parent\" data-id=\"c82f407\" data-element_type=\"container\" data-e-type=\"container\" data-settings=\"{&quot;background_background&quot;:&quot;classic&quot;}\">\n\t\t\t\t\t<div class=\"e-con-inner\">\n\t\t\t\t<div class=\"elementor-element elementor-element-b733176 elementor-nav-menu__align-center elementor-nav-menu--dropdown-tablet elementor-nav-menu__text-align-aside elementor-nav-menu--toggle elementor-nav-menu--burger elementor-widget elementor-widget-nav-menu\" data-id=\"b733176\" data-element_type=\"widget\" data-e-type=\"widget\" data-settings=\"{&quot;layout&quot;:&quot;horizontal&quot;,&quot;submenu_icon&quot;:{&quot;value&quot;:&quot;&lt;svg class=\\&quot;e-font-icon-svg e-fas-caret-down\\&quot; viewBox=\\&quot;0 0 320 512\\&quot; xmlns=\\&quot;http:\\\/\\\/www.w3.org\\\/2000\\\/svg\\&quot;&gt;&lt;path d=\\&quot;M31.3 192h257.3c17.8 0 26.7 21.5 14.1 34.1L174.1 354.8c-7.8 7.8-20.5 7.8-28.3 0L17.2 226.1C4.6 213.5 13.5 192 31.3 192z\\&quot;&gt;&lt;\\\/path&gt;&lt;\\\/svg&gt;&quot;,&quot;library&quot;:&quot;fa-solid&quot;},&quot;toggle&quot;:&quot;burger&quot;}\" data-widget_type=\"nav-menu.default\">\n\t\t\t\t<div class=\"elementor-widget-container\">\n\t\t\t\t\t\t\t\t<nav aria-label=\"Menu\" class=\"elementor-nav-menu--main elementor-nav-menu__container elementor-nav-menu--layout-horizontal e--pointer-background e--animation-fade\">\n\t\t\t\t<ul id=\"menu-1-b733176\" class=\"elementor-nav-menu\"><li class=\"menu-item menu-item-type-post_type menu-item-object-page menu-item-716\"><a href=\"https:\/\/ekar.ee\/en\/lipud\/\" class=\"elementor-item\">Lipud<\/a><\/li>\n<li class=\"menu-item menu-item-type-post_type menu-item-object-page menu-item-715\"><a href=\"https:\/\/ekar.ee\/en\/reklaambannerid\/\" class=\"elementor-item\">Reklaamb\u00e4nnerid<\/a><\/li>\n<li class=\"menu-item menu-item-type-post_type menu-item-object-page menu-item-717\"><a href=\"https:\/\/ekar.ee\/en\/elektriohutusmargid\/\" class=\"elementor-item\">Elektriohutusm\u00e4rgid<\/a><\/li>\n<li class=\"menu-item menu-item-type-post_type menu-item-object-page menu-item-718\"><a href=\"https:\/\/ekar.ee\/en\/ohutusmargid\/\" class=\"elementor-item\">Ohutusm\u00e4rgid<\/a><\/li>\n<li class=\"menu-item menu-item-type-post_type menu-item-object-page menu-item-714\"><a href=\"https:\/\/ekar.ee\/en\/puidutooted\/\" class=\"elementor-item\">Muud tooted<\/a><\/li>\n<\/ul>\t\t\t<\/nav>\n\t\t\t\t\t<div class=\"elementor-menu-toggle\" role=\"button\" tabindex=\"0\" aria-label=\"Menu Toggle\" aria-expanded=\"false\">\n\t\t\t<svg aria-hidden=\"true\" role=\"presentation\" class=\"elementor-menu-toggle__icon--open e-font-icon-svg e-eicon-menu-bar\" viewbox=\"0 0 1000 1000\" xmlns=\"http:\/\/www.w3.org\/2000\/svg\"><path d=\"M104 333H896C929 333 958 304 958 271S929 208 896 208H104C71 208 42 237 42 271S71 333 104 333ZM104 583H896C929 583 958 554 958 521S929 458 896 458H104C71 458 42 487 42 521S71 583 104 583ZM104 833H896C929 833 958 804 958 771S929 708 896 708H104C71 708 42 737 42 771S71 833 104 833Z\"><\/path><\/svg><svg aria-hidden=\"true\" role=\"presentation\" class=\"elementor-menu-toggle__icon--close e-font-icon-svg e-eicon-close\" viewbox=\"0 0 1000 1000\" xmlns=\"http:\/\/www.w3.org\/2000\/svg\"><path d=\"M742 167L500 408 258 167C246 154 233 150 217 150 196 150 179 158 167 167 154 179 150 196 150 212 150 229 154 242 171 254L408 500 167 742C138 771 138 800 167 829 196 858 225 858 254 829L496 587 738 829C750 842 767 846 783 846 800 846 817 842 829 829 842 817 846 804 846 783 846 767 842 750 829 737L588 500 833 258C863 229 863 200 833 171 804 137 775 137 742 167Z\"><\/path><\/svg>\t\t<\/div>\n\t\t\t\t\t<nav class=\"elementor-nav-menu--dropdown elementor-nav-menu__container\" aria-hidden=\"true\">\n\t\t\t\t<ul id=\"menu-2-b733176\" class=\"elementor-nav-menu\"><li class=\"menu-item menu-item-type-post_type menu-item-object-page menu-item-716\"><a href=\"https:\/\/ekar.ee\/en\/lipud\/\" class=\"elementor-item\" tabindex=\"-1\">Lipud<\/a><\/li>\n<li class=\"menu-item menu-item-type-post_type menu-item-object-page menu-item-715\"><a href=\"https:\/\/ekar.ee\/en\/reklaambannerid\/\" class=\"elementor-item\" tabindex=\"-1\">Reklaamb\u00e4nnerid<\/a><\/li>\n<li class=\"menu-item menu-item-type-post_type menu-item-object-page menu-item-717\"><a href=\"https:\/\/ekar.ee\/en\/elektriohutusmargid\/\" class=\"elementor-item\" tabindex=\"-1\">Elektriohutusm\u00e4rgid<\/a><\/li>\n<li class=\"menu-item menu-item-type-post_type menu-item-object-page menu-item-718\"><a href=\"https:\/\/ekar.ee\/en\/ohutusmargid\/\" class=\"elementor-item\" tabindex=\"-1\">Ohutusm\u00e4rgid<\/a><\/li>\n<li class=\"menu-item menu-item-type-post_type menu-item-object-page menu-item-714\"><a href=\"https:\/\/ekar.ee\/en\/puidutooted\/\" class=\"elementor-item\" tabindex=\"-1\">Muud tooted<\/a><\/li>\n<\/ul>\t\t\t<\/nav>\n\t\t\t\t\t\t<\/div>\n\t\t\t\t<\/div>\n\t\t\t\t\t<\/div>\n\t\t\t\t<\/div>\n\t\t<div class=\"elementor-element elementor-element-ca1a6c3 e-flex e-con-boxed e-con e-parent\" data-id=\"ca1a6c3\" data-element_type=\"container\" data-e-type=\"container\" data-settings=\"{&quot;background_background&quot;:&quot;slideshow&quot;,&quot;background_slideshow_gallery&quot;:[],&quot;background_slideshow_loop&quot;:&quot;yes&quot;,&quot;background_slideshow_slide_duration&quot;:5000,&quot;background_slideshow_slide_transition&quot;:&quot;fade&quot;,&quot;background_slideshow_transition_duration&quot;:500}\">\n\t\t\t\t\t<div class=\"e-con-inner\">\n\t\t<div class=\"elementor-element elementor-element-4ea7b4f e-con-full e-flex e-con e-child\" data-id=\"4ea7b4f\" data-element_type=\"container\" data-e-type=\"container\" data-settings=\"{&quot;background_background&quot;:&quot;classic&quot;}\">\n\t\t\t\t<div class=\"elementor-element elementor-element-dffa0fd elementor-widget elementor-widget-heading\" data-id=\"dffa0fd\" data-element_type=\"widget\" data-e-type=\"widget\" data-widget_type=\"heading.default\">\n\t\t\t\t<div class=\"elementor-widget-container\">\n\t\t\t\t\t<h1 class=\"elementor-heading-title elementor-size-default\">Reklaamb\u00e4nnerid<\/h1>\t\t\t\t<\/div>\n\t\t\t\t<\/div>\n\t\t\t\t<div class=\"elementor-element elementor-element-1836f53 elementor-widget-mobile__width-initial elementor-widget elementor-widget-text-editor\" data-id=\"1836f53\" data-element_type=\"widget\" data-e-type=\"widget\" data-widget_type=\"text-editor.default\">\n\t\t\t\t<div class=\"elementor-widget-container\">\n\t\t\t\t\t\t\t\t\t<p>Heaks v\u00f5imaluseks teavitada m\u00f6\u00f6duvaid inimesi teie pakutavatest toodetest ja teenustest on reklaamb\u00e4nnerite kasutamine. B\u00e4nnereid on v\u00f5imalik kinnitada postide vahele ning on v\u00e4ga levinud n\u00e4iteks tanklates, kuid sobivad paljudele ettev\u00f5tetele. B\u00e4nnerid on valmistatud kangast ning peale on v\u00f5imalik tr\u00fckkida erinevad l\u00f6\u00f6klaused v\u00f5i kampaania teatised. Neid on lihtne vahetada n\u00e4iteks kampaania l\u00f5ppedes v\u00f5i j\u00e4llegi tagasi tuua kui on plaanis kampaania taask\u00e4ivitada.<br \/><br \/>Peale tr\u00fckkimist sisestame vastavad \u00f5\u00f5sid, mille seest saab n\u00f6\u00f6ri l\u00e4bi juhtida ning seega saab reklaami pingule t\u00f5mmata.<\/p>\t\t\t\t\t\t\t\t<\/div>\n\t\t\t\t<\/div>\n\t\t\t\t<div class=\"elementor-element elementor-element-3f5e3a9 elementor-widget elementor-widget-gallery\" data-id=\"3f5e3a9\" data-element_type=\"widget\" data-e-type=\"widget\" data-settings=\"{&quot;columns&quot;:2,&quot;lazyload&quot;:&quot;yes&quot;,&quot;gallery_layout&quot;:&quot;grid&quot;,&quot;columns_tablet&quot;:2,&quot;columns_mobile&quot;:1,&quot;gap&quot;:{&quot;unit&quot;:&quot;px&quot;,&quot;size&quot;:10,&quot;sizes&quot;:[]},&quot;gap_tablet&quot;:{&quot;unit&quot;:&quot;px&quot;,&quot;size&quot;:10,&quot;sizes&quot;:[]},&quot;gap_mobile&quot;:{&quot;unit&quot;:&quot;px&quot;,&quot;size&quot;:10,&quot;sizes&quot;:[]},&quot;link_to&quot;:&quot;file&quot;,&quot;aspect_ratio&quot;:&quot;3:2&quot;,&quot;overlay_background&quot;:&quot;yes&quot;,&quot;content_hover_animation&quot;:&quot;fade-in&quot;}\" data-widget_type=\"gallery.default\">\n\t\t\t\t<div class=\"elementor-widget-container\">\n\t\t\t\t\t\t\t<div class=\"elementor-gallery__container\">\n\t\t\t\t\t\t\t<a class=\"e-gallery-item elementor-gallery-item elementor-animated-content\" href=\"https:\/\/ekar.ee\/wp-content\/uploads\/2024\/08\/Reklaambanner2.jpg\" data-elementor-open-lightbox=\"yes\" data-elementor-lightbox-slideshow=\"3f5e3a9\" data-elementor-lightbox-title=\"Reklaamb\u00e4nner2\" data-e-action-hash=\"#elementor-action%3Aaction%3Dlightbox%26settings%3DeyJpZCI6NjU5LCJ1cmwiOiJodHRwczpcL1wvZWthci5lZVwvd3AtY29udGVudFwvdXBsb2Fkc1wvMjAyNFwvMDhcL1Jla2xhYW1iYW5uZXIyLmpwZyIsInNsaWRlc2hvdyI6IjNmNWUzYTkifQ%3D%3D\">\n\t\t\t\t\t<div class=\"e-gallery-image elementor-gallery-item__image\" data-thumbnail=\"https:\/\/ekar.ee\/wp-content\/uploads\/2024\/08\/Reklaambanner2-768x576.jpg\" data-width=\"768\" data-height=\"576\" aria-label=\"Reklaamb\u00e4nner2\" role=\"img\" ><\/div>\n\t\t\t\t\t\t\t\t\t\t\t<div class=\"elementor-gallery-item__overlay\"><\/div>\n\t\t\t\t\t\t\t\t\t\t\t\t\t\t<\/a>\n\t\t\t\t\t<\/div>\n\t\t\t\t\t<\/div>\n\t\t\t\t<\/div>\n\t\t\t\t<\/div>\n\t\t\t\t\t<\/div>\n\t\t\t\t<\/div>\n\t\t\t\t<\/div>","protected":false},"excerpt":{"rendered":"<p>Reklaamb\u00e4nnerid Heaks v\u00f5imaluseks teavitada m\u00f6\u00f6duvaid inimesi teie pakutavatest toodetest ja teenustest on reklaamb\u00e4nnerite kasutamine. B\u00e4nnereid on v\u00f5imalik kinnitada postide vahele ning on v\u00e4ga levinud n\u00e4iteks tanklates, kuid sobivad paljudele ettev\u00f5tetele. B\u00e4nnerid on valmistatud kangast ning peale on v\u00f5imalik tr\u00fckkida erinevad l\u00f6\u00f6klaused v\u00f5i kampaania teatised. Neid on lihtne vahetada n\u00e4iteks kampaania l\u00f5ppedes v\u00f5i j\u00e4llegi tagasi tuua [&hellip;]<\/p>","protected":false},"author":1,"featured_media":0,"parent":0,"menu_order":0,"comment_status":"closed","ping_status":"closed","template":"","meta":{"footnotes":""},"class_list":["post-182","page","type-page","status-publish","hentry"],"_links":{"self":[{"href":"https:\/\/ekar.ee\/en\/wp-json\/wp\/v2\/pages\/182","targetHints":{"allow":["GET"]}}],"collection":[{"href":"https:\/\/ekar.ee\/en\/wp-json\/wp\/v2\/pages"}],"about":[{"href":"https:\/\/ekar.ee\/en\/wp-json\/wp\/v2\/types\/page"}],"author":[{"embeddable":true,"href":"https:\/\/ekar.ee\/en\/wp-json\/wp\/v2\/users\/1"}],"replies":[{"embeddable":true,"href":"https:\/\/ekar.ee\/en\/wp-json\/wp\/v2\/comments?post=182"}],"version-history":[{"count":5,"href":"https:\/\/ekar.ee\/en\/wp-json\/wp\/v2\/pages\/182\/revisions"}],"predecessor-version":[{"id":1216,"href":"https:\/\/ekar.ee\/en\/wp-json\/wp\/v2\/pages\/182\/revisions\/1216"}],"wp:attachment":[{"href":"https:\/\/ekar.ee\/en\/wp-json\/wp\/v2\/media?parent=182"}],"curies":[{"name":"wp","href":"https:\/\/api.w.org\/{rel}","templated":true}]}}