{"id":184,"date":"2024-03-15T14:36:48","date_gmt":"2024-03-15T14:36:48","guid":{"rendered":"https:\/\/ekar.ee\/?page_id=184"},"modified":"2025-03-03T16:37:02","modified_gmt":"2025-03-03T16:37:02","slug":"puidutooted","status":"publish","type":"page","link":"https:\/\/ekar.ee\/en\/puidutooted\/","title":{"rendered":"Muud tooted"},"content":{"rendered":"<div data-elementor-type=\"wp-page\" data-elementor-id=\"184\" class=\"elementor elementor-184\" data-elementor-post-type=\"page\">\n\t\t\t\t<div class=\"elementor-element elementor-element-7d8a84e elementor-hidden-mobile e-flex e-con-boxed e-con e-parent\" data-id=\"7d8a84e\" data-element_type=\"container\" data-e-type=\"container\" data-settings=\"{&quot;background_background&quot;:&quot;classic&quot;}\">\n\t\t\t\t\t<div class=\"e-con-inner\">\n\t\t\t\t<div class=\"elementor-element elementor-element-27ddfd2 elementor-nav-menu__align-center elementor-nav-menu--dropdown-none elementor-widget-tablet__width-initial elementor-widget-mobile__width-initial elementor-widget elementor-widget-nav-menu\" data-id=\"27ddfd2\" data-element_type=\"widget\" data-e-type=\"widget\" data-settings=\"{&quot;layout&quot;:&quot;horizontal&quot;,&quot;submenu_icon&quot;:{&quot;value&quot;:&quot;&lt;svg class=\\&quot;e-font-icon-svg e-fas-caret-down\\&quot; viewBox=\\&quot;0 0 320 512\\&quot; xmlns=\\&quot;http:\\\/\\\/www.w3.org\\\/2000\\\/svg\\&quot;&gt;&lt;path d=\\&quot;M31.3 192h257.3c17.8 0 26.7 21.5 14.1 34.1L174.1 354.8c-7.8 7.8-20.5 7.8-28.3 0L17.2 226.1C4.6 213.5 13.5 192 31.3 192z\\&quot;&gt;&lt;\\\/path&gt;&lt;\\\/svg&gt;&quot;,&quot;library&quot;:&quot;fa-solid&quot;}}\" data-widget_type=\"nav-menu.default\">\n\t\t\t\t<div class=\"elementor-widget-container\">\n\t\t\t\t\t\t\t\t<nav aria-label=\"Menu\" class=\"elementor-nav-menu--main elementor-nav-menu__container elementor-nav-menu--layout-horizontal e--pointer-background e--animation-fade\">\n\t\t\t\t<ul id=\"menu-1-27ddfd2\" class=\"elementor-nav-menu\"><li class=\"menu-item menu-item-type-post_type menu-item-object-page menu-item-716\"><a href=\"https:\/\/ekar.ee\/en\/lipud\/\" class=\"elementor-item\">Lipud<\/a><\/li>\n<li class=\"menu-item menu-item-type-post_type menu-item-object-page menu-item-715\"><a href=\"https:\/\/ekar.ee\/en\/reklaambannerid\/\" class=\"elementor-item\">Reklaamb\u00e4nnerid<\/a><\/li>\n<li class=\"menu-item menu-item-type-post_type menu-item-object-page menu-item-717\"><a href=\"https:\/\/ekar.ee\/en\/elektriohutusmargid\/\" class=\"elementor-item\">Elektriohutusm\u00e4rgid<\/a><\/li>\n<li class=\"menu-item menu-item-type-post_type menu-item-object-page menu-item-718\"><a href=\"https:\/\/ekar.ee\/en\/ohutusmargid\/\" class=\"elementor-item\">Ohutusm\u00e4rgid<\/a><\/li>\n<li class=\"menu-item menu-item-type-post_type menu-item-object-page menu-item-714\"><a href=\"https:\/\/ekar.ee\/en\/puidutooted\/\" class=\"elementor-item\">Muud tooted<\/a><\/li>\n<\/ul>\t\t\t<\/nav>\n\t\t\t\t\t\t<nav class=\"elementor-nav-menu--dropdown elementor-nav-menu__container\" aria-hidden=\"true\">\n\t\t\t\t<ul id=\"menu-2-27ddfd2\" class=\"elementor-nav-menu\"><li class=\"menu-item menu-item-type-post_type menu-item-object-page menu-item-716\"><a href=\"https:\/\/ekar.ee\/en\/lipud\/\" class=\"elementor-item\" tabindex=\"-1\">Lipud<\/a><\/li>\n<li class=\"menu-item menu-item-type-post_type menu-item-object-page menu-item-715\"><a href=\"https:\/\/ekar.ee\/en\/reklaambannerid\/\" class=\"elementor-item\" tabindex=\"-1\">Reklaamb\u00e4nnerid<\/a><\/li>\n<li class=\"menu-item menu-item-type-post_type menu-item-object-page menu-item-717\"><a href=\"https:\/\/ekar.ee\/en\/elektriohutusmargid\/\" class=\"elementor-item\" tabindex=\"-1\">Elektriohutusm\u00e4rgid<\/a><\/li>\n<li class=\"menu-item menu-item-type-post_type menu-item-object-page menu-item-718\"><a href=\"https:\/\/ekar.ee\/en\/ohutusmargid\/\" class=\"elementor-item\" tabindex=\"-1\">Ohutusm\u00e4rgid<\/a><\/li>\n<li class=\"menu-item menu-item-type-post_type menu-item-object-page menu-item-714\"><a href=\"https:\/\/ekar.ee\/en\/puidutooted\/\" class=\"elementor-item\" tabindex=\"-1\">Muud tooted<\/a><\/li>\n<\/ul>\t\t\t<\/nav>\n\t\t\t\t\t\t<\/div>\n\t\t\t\t<\/div>\n\t\t\t\t\t<\/div>\n\t\t\t\t<\/div>\n\t\t<div class=\"elementor-element elementor-element-5a7e5fb e-flex e-con-boxed e-con e-parent\" data-id=\"5a7e5fb\" data-element_type=\"container\" data-e-type=\"container\" data-settings=\"{&quot;background_background&quot;:&quot;classic&quot;}\">\n\t\t\t\t\t<div class=\"e-con-inner\">\n\t\t<div class=\"elementor-element elementor-element-d06d7cb e-con-full e-flex e-con e-child\" data-id=\"d06d7cb\" data-element_type=\"container\" data-e-type=\"container\" data-settings=\"{&quot;background_background&quot;:&quot;classic&quot;}\">\n\t\t\t\t<div class=\"elementor-element elementor-element-5df237e elementor-widget elementor-widget-heading\" data-id=\"5df237e\" data-element_type=\"widget\" data-e-type=\"widget\" data-widget_type=\"heading.default\">\n\t\t\t\t<div class=\"elementor-widget-container\">\n\t\t\t\t\t<h1 class=\"elementor-heading-title elementor-size-default\">Muud tooted<\/h1>\t\t\t\t<\/div>\n\t\t\t\t<\/div>\n\t\t\t\t<div class=\"elementor-element elementor-element-eb2e625 elementor-widget-mobile__width-initial elementor-widget elementor-widget-text-editor\" data-id=\"eb2e625\" data-element_type=\"widget\" data-e-type=\"widget\" data-widget_type=\"text-editor.default\">\n\t\t\t\t<div class=\"elementor-widget-container\">\n\t\t\t\t\t\t\t\t\t<p>J\u00e4rgnevalt toome loetelu ning n\u00e4iteid toodetest, mis k\u00fcll ei moodusta hetkel meie firma toodangust k\u00f5ige t\u00e4htsamat osa, kuid mida oleme siiski l\u00e4bi aastate tootnud ning oleme valmis endiselt selliseid tooteid klientidele valmistama.<\/p>\t\t\t\t\t\t\t\t<\/div>\n\t\t\t\t<\/div>\n\t\t\t\t<div class=\"elementor-element elementor-element-36bf4c2 elementor-widget elementor-widget-heading\" data-id=\"36bf4c2\" data-element_type=\"widget\" data-e-type=\"widget\" data-widget_type=\"heading.default\">\n\t\t\t\t<div class=\"elementor-widget-container\">\n\t\t\t\t\t<h2 class=\"elementor-heading-title elementor-size-default\">Tekstiilitooted<\/h2>\t\t\t\t<\/div>\n\t\t\t\t<\/div>\n\t\t\t\t<div class=\"elementor-element elementor-element-1d670ef elementor-widget-mobile__width-initial elementor-widget elementor-widget-text-editor\" data-id=\"1d670ef\" data-element_type=\"widget\" data-e-type=\"widget\" data-widget_type=\"text-editor.default\">\n\t\t\t\t<div class=\"elementor-widget-container\">\n\t\t\t\t\t\t\t\t\t<p>O\u00dc Ekar Tr\u00fckk toodab mitmesugused kodutekstiile, peamiselt k\u00f6\u00f6gitekstiile nagu laudlinad, linikud, servjetid, p\u00f5lled, pajalapid, pajakindad, kardinad jms. K\u00f6\u00f6gitekstiile tr\u00fckitakse enamasti naturaalsetest kiududest materjalidele \u2013 puuvillasele ja linasele kangale. Tellija soovil tr\u00fckitakse ka segakiulistele ja s\u00fcnteetillistele materjalidele. Kangastele tr\u00fckkimiseks kasutatakse pigmentv\u00e4rve, p\u00f5letus- ja s\u00f6\u00f6vitustr\u00fckk. Kuna tr\u00fckk toimub k\u00e4sitsi, annab see v\u00f5imaluse eksperimenteerimiseks. J\u00e4rmistele tekstiilile teostatakse ka siiditr\u00fckki:<br \/><br \/>\u2022 T \u2013 s\u00e4rkidele<br \/>\u2022 Firma logo tr\u00fckkimine laudlinadele, salvr\u00e4tikutele, p\u00f5lledele, kaelar\u00e4itkutele jt. tekstiilidele<br \/>\u2022 Tr\u00fckk r\u00f5ivadetailidele<br \/>\u2022 Eksperimentaaltekstiil \u2013 autorikangaste ja -r\u00f5ivaste tr\u00fckkimine<\/p><div class=\"entry-content\"><p>\u00a0Tr\u00fckime\u00a0 ka suurem\u00f5\u00f5tmelisi pindu<\/p><\/div>\t\t\t\t\t\t\t\t<\/div>\n\t\t\t\t<\/div>\n\t\t\t\t<div class=\"elementor-element elementor-element-7850e42 elementor-widget elementor-widget-gallery\" data-id=\"7850e42\" data-element_type=\"widget\" data-e-type=\"widget\" data-settings=\"{&quot;gallery_layout&quot;:&quot;justified&quot;,&quot;lazyload&quot;:&quot;yes&quot;,&quot;ideal_row_height&quot;:{&quot;unit&quot;:&quot;px&quot;,&quot;size&quot;:200,&quot;sizes&quot;:[]},&quot;ideal_row_height_tablet&quot;:{&quot;unit&quot;:&quot;px&quot;,&quot;size&quot;:150,&quot;sizes&quot;:[]},&quot;ideal_row_height_mobile&quot;:{&quot;unit&quot;:&quot;px&quot;,&quot;size&quot;:150,&quot;sizes&quot;:[]},&quot;gap&quot;:{&quot;unit&quot;:&quot;px&quot;,&quot;size&quot;:10,&quot;sizes&quot;:[]},&quot;gap_tablet&quot;:{&quot;unit&quot;:&quot;px&quot;,&quot;size&quot;:10,&quot;sizes&quot;:[]},&quot;gap_mobile&quot;:{&quot;unit&quot;:&quot;px&quot;,&quot;size&quot;:10,&quot;sizes&quot;:[]},&quot;link_to&quot;:&quot;file&quot;,&quot;overlay_background&quot;:&quot;yes&quot;,&quot;content_hover_animation&quot;:&quot;fade-in&quot;}\" data-widget_type=\"gallery.default\">\n\t\t\t\t<div class=\"elementor-widget-container\">\n\t\t\t\t\t\t\t<div class=\"elementor-gallery__container\">\n\t\t\t\t\t\t\t<a class=\"e-gallery-item elementor-gallery-item elementor-animated-content\" href=\"https:\/\/ekar.ee\/wp-content\/uploads\/2024\/08\/Poll-maasikatega-scaled.jpg\" data-elementor-open-lightbox=\"yes\" data-elementor-lightbox-slideshow=\"7850e42\" data-elementor-lightbox-title=\"P\u00f5ll maasikatega\" data-e-action-hash=\"#elementor-action%3Aaction%3Dlightbox%26settings%3DeyJpZCI6NTcwLCJ1cmwiOiJodHRwczpcL1wvZWthci5lZVwvd3AtY29udGVudFwvdXBsb2Fkc1wvMjAyNFwvMDhcL1BvbGwtbWFhc2lrYXRlZ2Etc2NhbGVkLmpwZyIsInNsaWRlc2hvdyI6Ijc4NTBlNDIifQ%3D%3D\">\n\t\t\t\t\t<div class=\"e-gallery-image elementor-gallery-item__image\" data-thumbnail=\"https:\/\/ekar.ee\/wp-content\/uploads\/2024\/08\/Poll-maasikatega-226x300.jpg\" data-width=\"226\" data-height=\"300\" aria-label=\"P\u00f5ll maasikatega\" role=\"img\" ><\/div>\n\t\t\t\t\t\t\t\t\t\t\t<div class=\"elementor-gallery-item__overlay\"><\/div>\n\t\t\t\t\t\t\t\t\t\t\t\t\t\t<\/a>\n\t\t\t\t\t\t\t<a class=\"e-gallery-item elementor-gallery-item elementor-animated-content\" href=\"https:\/\/ekar.ee\/wp-content\/uploads\/2024\/08\/Tekstiiltrukk-1-scaled.jpg\" data-elementor-open-lightbox=\"yes\" data-elementor-lightbox-slideshow=\"7850e42\" data-elementor-lightbox-title=\"Tekstiiltr\u00fckk 1\" data-e-action-hash=\"#elementor-action%3Aaction%3Dlightbox%26settings%3DeyJpZCI6NTcyLCJ1cmwiOiJodHRwczpcL1wvZWthci5lZVwvd3AtY29udGVudFwvdXBsb2Fkc1wvMjAyNFwvMDhcL1Rla3N0aWlsdHJ1a2stMS1zY2FsZWQuanBnIiwic2xpZGVzaG93IjoiNzg1MGU0MiJ9\">\n\t\t\t\t\t<div class=\"e-gallery-image elementor-gallery-item__image\" data-thumbnail=\"https:\/\/ekar.ee\/wp-content\/uploads\/2024\/08\/Tekstiiltrukk-1-300x226.jpg\" data-width=\"300\" data-height=\"226\" aria-label=\"Tekstiiltr\u00fckk 1\" role=\"img\" ><\/div>\n\t\t\t\t\t\t\t\t\t\t\t<div class=\"elementor-gallery-item__overlay\"><\/div>\n\t\t\t\t\t\t\t\t\t\t\t\t\t\t<\/a>\n\t\t\t\t\t\t\t<a class=\"e-gallery-item elementor-gallery-item elementor-animated-content\" href=\"https:\/\/ekar.ee\/wp-content\/uploads\/2024\/08\/Tekstiiltrukk-2-scaled.jpg\" data-elementor-open-lightbox=\"yes\" data-elementor-lightbox-slideshow=\"7850e42\" data-elementor-lightbox-title=\"Tekstiiltr\u00fckk 2\" data-e-action-hash=\"#elementor-action%3Aaction%3Dlightbox%26settings%3DeyJpZCI6NTczLCJ1cmwiOiJodHRwczpcL1wvZWthci5lZVwvd3AtY29udGVudFwvdXBsb2Fkc1wvMjAyNFwvMDhcL1Rla3N0aWlsdHJ1a2stMi1zY2FsZWQuanBnIiwic2xpZGVzaG93IjoiNzg1MGU0MiJ9\">\n\t\t\t\t\t<div class=\"e-gallery-image elementor-gallery-item__image\" data-thumbnail=\"https:\/\/ekar.ee\/wp-content\/uploads\/2024\/08\/Tekstiiltrukk-2-300x226.jpg\" data-width=\"300\" data-height=\"226\" aria-label=\"Tekstiiltr\u00fckk 2\" role=\"img\" ><\/div>\n\t\t\t\t\t\t\t\t\t\t\t<div class=\"elementor-gallery-item__overlay\"><\/div>\n\t\t\t\t\t\t\t\t\t\t\t\t\t\t<\/a>\n\t\t\t\t\t\t\t<a class=\"e-gallery-item elementor-gallery-item elementor-animated-content\" href=\"https:\/\/ekar.ee\/wp-content\/uploads\/2024\/08\/Riidest-kott-trukiga-scaled.jpg\" data-elementor-open-lightbox=\"yes\" data-elementor-lightbox-slideshow=\"7850e42\" data-elementor-lightbox-title=\"Riidest kott tr\u00fckiga\" data-e-action-hash=\"#elementor-action%3Aaction%3Dlightbox%26settings%3DeyJpZCI6NTcxLCJ1cmwiOiJodHRwczpcL1wvZWthci5lZVwvd3AtY29udGVudFwvdXBsb2Fkc1wvMjAyNFwvMDhcL1JpaWRlc3Qta290dC10cnVraWdhLXNjYWxlZC5qcGciLCJzbGlkZXNob3ciOiI3ODUwZTQyIn0%3D\">\n\t\t\t\t\t<div class=\"e-gallery-image elementor-gallery-item__image\" data-thumbnail=\"https:\/\/ekar.ee\/wp-content\/uploads\/2024\/08\/Riidest-kott-trukiga-226x300.jpg\" data-width=\"226\" data-height=\"300\" aria-label=\"Riidest kott tr\u00fckiga\" role=\"img\" ><\/div>\n\t\t\t\t\t\t\t\t\t\t\t<div class=\"elementor-gallery-item__overlay\"><\/div>\n\t\t\t\t\t\t\t\t\t\t\t\t\t\t<\/a>\n\t\t\t\t\t<\/div>\n\t\t\t\t\t<\/div>\n\t\t\t\t<\/div>\n\t\t\t\t<div class=\"elementor-element elementor-element-c13b68a elementor-widget elementor-widget-heading\" data-id=\"c13b68a\" data-element_type=\"widget\" data-e-type=\"widget\" data-widget_type=\"heading.default\">\n\t\t\t\t<div class=\"elementor-widget-container\">\n\t\t\t\t\t<h2 class=\"elementor-heading-title elementor-size-default\">Vimplid<\/h2>\t\t\t\t<\/div>\n\t\t\t\t<\/div>\n\t\t\t\t<div class=\"elementor-element elementor-element-34ce596 elementor-widget-mobile__width-initial elementor-widget elementor-widget-text-editor\" data-id=\"34ce596\" data-element_type=\"widget\" data-e-type=\"widget\" data-widget_type=\"text-editor.default\">\n\t\t\t\t<div class=\"elementor-widget-container\">\n\t\t\t\t\t\t\t\t\t<p class=\"text\">O\u00dc Ekar Tr\u00fckk valmistab siiditr\u00fckitehnikas vimpleid. Vimplite materjaliks kasutatakse peamiselt kvaliteetset pol\u00fcesterkangast. Valmistatakse \u00f5hukesi s.t. \u00fchepoolsed vimpleid ja j\u00e4igemaid kahepoolsed vimpleid. V\u00f5imalik on valida erinevate paelte ja kaunistuste vahel ning juurde on v\u00f5imalik tellida ka marmorist vimplialuseid. Vimplid toodetakse vastavlt tellija kavandile ja hind s\u00f5ltub vimpli keerukusest, m\u00f5\u00f5tmetest, v\u00e4rvide arvust ja tellitavast kogusest.<\/p><p>Valmistame vastavalt tellija kavandile, erinevates m\u00f5\u00f5tudes mastivimpleid.<\/p>\t\t\t\t\t\t\t\t<\/div>\n\t\t\t\t<\/div>\n\t\t\t\t<div class=\"elementor-element elementor-element-e4fb10e elementor-widget-tablet__width-inherit elementor-widget elementor-widget-gallery\" data-id=\"e4fb10e\" data-element_type=\"widget\" data-e-type=\"widget\" data-settings=\"{&quot;gallery_layout&quot;:&quot;justified&quot;,&quot;ideal_row_height_tablet&quot;:{&quot;unit&quot;:&quot;px&quot;,&quot;size&quot;:248,&quot;sizes&quot;:[]},&quot;lazyload&quot;:&quot;yes&quot;,&quot;ideal_row_height&quot;:{&quot;unit&quot;:&quot;px&quot;,&quot;size&quot;:200,&quot;sizes&quot;:[]},&quot;ideal_row_height_mobile&quot;:{&quot;unit&quot;:&quot;px&quot;,&quot;size&quot;:150,&quot;sizes&quot;:[]},&quot;gap&quot;:{&quot;unit&quot;:&quot;px&quot;,&quot;size&quot;:10,&quot;sizes&quot;:[]},&quot;gap_tablet&quot;:{&quot;unit&quot;:&quot;px&quot;,&quot;size&quot;:10,&quot;sizes&quot;:[]},&quot;gap_mobile&quot;:{&quot;unit&quot;:&quot;px&quot;,&quot;size&quot;:10,&quot;sizes&quot;:[]},&quot;link_to&quot;:&quot;file&quot;,&quot;overlay_background&quot;:&quot;yes&quot;,&quot;content_hover_animation&quot;:&quot;fade-in&quot;}\" data-widget_type=\"gallery.default\">\n\t\t\t\t<div class=\"elementor-widget-container\">\n\t\t\t\t\t\t\t<div class=\"elementor-gallery__container\">\n\t\t\t\t\t\t\t<a class=\"e-gallery-item elementor-gallery-item elementor-animated-content\" href=\"https:\/\/ekar.ee\/wp-content\/uploads\/2024\/08\/Vimplid-1-scaled.jpg\" data-elementor-open-lightbox=\"yes\" data-elementor-lightbox-slideshow=\"e4fb10e\" data-elementor-lightbox-title=\"Vimplid 1\" data-e-action-hash=\"#elementor-action%3Aaction%3Dlightbox%26settings%3DeyJpZCI6NTU5LCJ1cmwiOiJodHRwczpcL1wvZWthci5lZVwvd3AtY29udGVudFwvdXBsb2Fkc1wvMjAyNFwvMDhcL1ZpbXBsaWQtMS1zY2FsZWQuanBnIiwic2xpZGVzaG93IjoiZTRmYjEwZSJ9\">\n\t\t\t\t\t<div class=\"e-gallery-image elementor-gallery-item__image\" data-thumbnail=\"https:\/\/ekar.ee\/wp-content\/uploads\/2024\/08\/Vimplid-1-768x578.jpg\" data-width=\"768\" data-height=\"578\" aria-label=\"Vimplid 1\" role=\"img\" ><\/div>\n\t\t\t\t\t\t\t\t\t\t\t<div class=\"elementor-gallery-item__overlay\"><\/div>\n\t\t\t\t\t\t\t\t\t\t\t\t\t\t<\/a>\n\t\t\t\t\t\t\t<a class=\"e-gallery-item elementor-gallery-item elementor-animated-content\" href=\"https:\/\/ekar.ee\/wp-content\/uploads\/2024\/08\/Vimplid-scaled.jpg\" data-elementor-open-lightbox=\"yes\" data-elementor-lightbox-slideshow=\"e4fb10e\" data-elementor-lightbox-title=\"Vimplid\" data-e-action-hash=\"#elementor-action%3Aaction%3Dlightbox%26settings%3DeyJpZCI6NTYxLCJ1cmwiOiJodHRwczpcL1wvZWthci5lZVwvd3AtY29udGVudFwvdXBsb2Fkc1wvMjAyNFwvMDhcL1ZpbXBsaWQtc2NhbGVkLmpwZyIsInNsaWRlc2hvdyI6ImU0ZmIxMGUifQ%3D%3D\">\n\t\t\t\t\t<div class=\"e-gallery-image elementor-gallery-item__image\" data-thumbnail=\"https:\/\/ekar.ee\/wp-content\/uploads\/2024\/08\/Vimplid-768x1020.jpg\" data-width=\"768\" data-height=\"1020\" aria-label=\"Vimplid\" role=\"img\" ><\/div>\n\t\t\t\t\t\t\t\t\t\t\t<div class=\"elementor-gallery-item__overlay\"><\/div>\n\t\t\t\t\t\t\t\t\t\t\t\t\t\t<\/a>\n\t\t\t\t\t<\/div>\n\t\t\t\t\t<\/div>\n\t\t\t\t<\/div>\n\t\t\t\t<div class=\"elementor-element elementor-element-6e750f1 elementor-widget elementor-widget-heading\" data-id=\"6e750f1\" data-element_type=\"widget\" data-e-type=\"widget\" data-widget_type=\"heading.default\">\n\t\t\t\t<div class=\"elementor-widget-container\">\n\t\t\t\t\t<h2 class=\"elementor-heading-title elementor-size-default\">Puidutooted<\/h2>\t\t\t\t<\/div>\n\t\t\t\t<\/div>\n\t\t\t\t<div class=\"elementor-element elementor-element-4d36b42 elementor-widget-mobile__width-initial elementor-widget elementor-widget-text-editor\" data-id=\"4d36b42\" data-element_type=\"widget\" data-e-type=\"widget\" data-widget_type=\"text-editor.default\">\n\t\t\t\t<div class=\"elementor-widget-container\">\n\t\t\t\t\t\t\t\t\t<p>Oleme aastate jooksul tootnud hulgaliselt erinevaid v\u00e4ikesem\u00f5\u00f5tmelisi puidust tooteid. Meie puidut\u00f6\u00f6kojas on valminud j\u00e4rgmised esemed: l\u00f5ikelauad, karbid, riidepuud, lipuvardad alused, pusled ja m\u00f5istatused lastele jpm. Nimetatud esemetele saab tr\u00fckkida vajamineva s\u00fcmboolika. Puidut\u00f6\u00f6koja klientideks on n\u00e4iteks sellised tunnustatud kaubam\u00e4rgid nagu Hackman, Iittala ja Stockmann.<\/p><p>Hetkel v\u00f5tame vastu mahukamaid tellimusi antud toodetele. K\u00fcsige lisa <em><a href=\"https:\/\/ekar.ee\/en\/kontakt\/\">siit<\/a><\/em><\/p>\t\t\t\t\t\t\t\t<\/div>\n\t\t\t\t<\/div>\n\t\t\t\t<div class=\"elementor-element elementor-element-4f3a245 elementor-widget elementor-widget-gallery\" data-id=\"4f3a245\" data-element_type=\"widget\" data-e-type=\"widget\" data-settings=\"{&quot;gallery_layout&quot;:&quot;justified&quot;,&quot;lazyload&quot;:&quot;yes&quot;,&quot;ideal_row_height&quot;:{&quot;unit&quot;:&quot;px&quot;,&quot;size&quot;:200,&quot;sizes&quot;:[]},&quot;ideal_row_height_tablet&quot;:{&quot;unit&quot;:&quot;px&quot;,&quot;size&quot;:150,&quot;sizes&quot;:[]},&quot;ideal_row_height_mobile&quot;:{&quot;unit&quot;:&quot;px&quot;,&quot;size&quot;:150,&quot;sizes&quot;:[]},&quot;gap&quot;:{&quot;unit&quot;:&quot;px&quot;,&quot;size&quot;:10,&quot;sizes&quot;:[]},&quot;gap_tablet&quot;:{&quot;unit&quot;:&quot;px&quot;,&quot;size&quot;:10,&quot;sizes&quot;:[]},&quot;gap_mobile&quot;:{&quot;unit&quot;:&quot;px&quot;,&quot;size&quot;:10,&quot;sizes&quot;:[]},&quot;link_to&quot;:&quot;file&quot;,&quot;overlay_background&quot;:&quot;yes&quot;,&quot;content_hover_animation&quot;:&quot;fade-in&quot;}\" data-widget_type=\"gallery.default\">\n\t\t\t\t<div class=\"elementor-widget-container\">\n\t\t\t\t\t\t\t<div class=\"elementor-gallery__container\">\n\t\t\t\t\t\t\t<a class=\"e-gallery-item elementor-gallery-item elementor-animated-content\" href=\"https:\/\/ekar.ee\/wp-content\/uploads\/2024\/08\/Tekiilapitside-alus-scaled.jpg\" data-elementor-open-lightbox=\"yes\" data-elementor-lightbox-slideshow=\"4f3a245\" data-elementor-lightbox-title=\"Tekiilapitside alus\" data-e-action-hash=\"#elementor-action%3Aaction%3Dlightbox%26settings%3DeyJpZCI6NTQ4LCJ1cmwiOiJodHRwczpcL1wvZWthci5lZVwvd3AtY29udGVudFwvdXBsb2Fkc1wvMjAyNFwvMDhcL1Rla2lpbGFwaXRzaWRlLWFsdXMtc2NhbGVkLmpwZyIsInNsaWRlc2hvdyI6IjRmM2EyNDUifQ%3D%3D\">\n\t\t\t\t\t<div class=\"e-gallery-image elementor-gallery-item__image\" data-thumbnail=\"https:\/\/ekar.ee\/wp-content\/uploads\/2024\/08\/Tekiilapitside-alus-300x226.jpg\" data-width=\"300\" data-height=\"226\" aria-label=\"Tekiilapitside alus\" role=\"img\" ><\/div>\n\t\t\t\t\t\t\t\t\t\t\t<div class=\"elementor-gallery-item__overlay\"><\/div>\n\t\t\t\t\t\t\t\t\t\t\t\t\t\t<\/a>\n\t\t\t\t\t\t\t<a class=\"e-gallery-item elementor-gallery-item elementor-animated-content\" href=\"https:\/\/ekar.ee\/wp-content\/uploads\/2024\/08\/Veinipaki-alus-scaled.jpg\" data-elementor-open-lightbox=\"yes\" data-elementor-lightbox-slideshow=\"4f3a245\" data-elementor-lightbox-title=\"Veinipaki alus\" data-e-action-hash=\"#elementor-action%3Aaction%3Dlightbox%26settings%3DeyJpZCI6NTUwLCJ1cmwiOiJodHRwczpcL1wvZWthci5lZVwvd3AtY29udGVudFwvdXBsb2Fkc1wvMjAyNFwvMDhcL1ZlaW5pcGFraS1hbHVzLXNjYWxlZC5qcGciLCJzbGlkZXNob3ciOiI0ZjNhMjQ1In0%3D\">\n\t\t\t\t\t<div class=\"e-gallery-image elementor-gallery-item__image\" data-thumbnail=\"https:\/\/ekar.ee\/wp-content\/uploads\/2024\/08\/Veinipaki-alus-300x226.jpg\" data-width=\"300\" data-height=\"226\" aria-label=\"Veinipaki alus\" role=\"img\" ><\/div>\n\t\t\t\t\t\t\t\t\t\t\t<div class=\"elementor-gallery-item__overlay\"><\/div>\n\t\t\t\t\t\t\t\t\t\t\t\t\t\t<\/a>\n\t\t\t\t\t\t\t<a class=\"e-gallery-item elementor-gallery-item elementor-animated-content\" href=\"https:\/\/ekar.ee\/wp-content\/uploads\/2024\/08\/Puidust-karp-2-scaled.jpg\" data-elementor-open-lightbox=\"yes\" data-elementor-lightbox-slideshow=\"4f3a245\" data-elementor-lightbox-title=\"Puidust karp 2\" data-e-action-hash=\"#elementor-action%3Aaction%3Dlightbox%26settings%3DeyJpZCI6NTQ2LCJ1cmwiOiJodHRwczpcL1wvZWthci5lZVwvd3AtY29udGVudFwvdXBsb2Fkc1wvMjAyNFwvMDhcL1B1aWR1c3Qta2FycC0yLXNjYWxlZC5qcGciLCJzbGlkZXNob3ciOiI0ZjNhMjQ1In0%3D\">\n\t\t\t\t\t<div class=\"e-gallery-image elementor-gallery-item__image\" data-thumbnail=\"https:\/\/ekar.ee\/wp-content\/uploads\/2024\/08\/Puidust-karp-2-300x226.jpg\" data-width=\"300\" data-height=\"226\" aria-label=\"Puidust karp 2\" role=\"img\" ><\/div>\n\t\t\t\t\t\t\t\t\t\t\t<div class=\"elementor-gallery-item__overlay\"><\/div>\n\t\t\t\t\t\t\t\t\t\t\t\t\t\t<\/a>\n\t\t\t\t\t\t\t<a class=\"e-gallery-item elementor-gallery-item elementor-animated-content\" href=\"https:\/\/ekar.ee\/wp-content\/uploads\/2024\/08\/Puidust-karp-scaled.jpg\" data-elementor-open-lightbox=\"yes\" data-elementor-lightbox-slideshow=\"4f3a245\" data-elementor-lightbox-title=\"Puidust karp\" data-e-action-hash=\"#elementor-action%3Aaction%3Dlightbox%26settings%3DeyJpZCI6NTQ3LCJ1cmwiOiJodHRwczpcL1wvZWthci5lZVwvd3AtY29udGVudFwvdXBsb2Fkc1wvMjAyNFwvMDhcL1B1aWR1c3Qta2FycC1zY2FsZWQuanBnIiwic2xpZGVzaG93IjoiNGYzYTI0NSJ9\">\n\t\t\t\t\t<div class=\"e-gallery-image elementor-gallery-item__image\" data-thumbnail=\"https:\/\/ekar.ee\/wp-content\/uploads\/2024\/08\/Puidust-karp-300x226.jpg\" data-width=\"300\" data-height=\"226\" aria-label=\"Puidust karp\" role=\"img\" ><\/div>\n\t\t\t\t\t\t\t\t\t\t\t<div class=\"elementor-gallery-item__overlay\"><\/div>\n\t\t\t\t\t\t\t\t\t\t\t\t\t\t<\/a>\n\t\t\t\t\t<\/div>\n\t\t\t\t\t<\/div>\n\t\t\t\t<\/div>\n\t\t\t\t<\/div>\n\t\t\t\t\t<\/div>\n\t\t\t\t<\/div>\n\t\t\t\t<\/div>","protected":false},"excerpt":{"rendered":"<p>Muud tooted J\u00e4rgnevalt toome loetelu ning n\u00e4iteid toodetest, mis k\u00fcll ei moodusta hetkel meie firma toodangust k\u00f5ige t\u00e4htsamat osa, kuid mida oleme siiski l\u00e4bi aastate tootnud ning oleme valmis endiselt selliseid tooteid klientidele valmistama. Tekstiilitooted O\u00dc Ekar Tr\u00fckk toodab mitmesugused kodutekstiile, peamiselt k\u00f6\u00f6gitekstiile nagu laudlinad, linikud, servjetid, p\u00f5lled, pajalapid, pajakindad, kardinad jms. K\u00f6\u00f6gitekstiile tr\u00fckitakse enamasti [&hellip;]<\/p>","protected":false},"author":1,"featured_media":0,"parent":0,"menu_order":0,"comment_status":"closed","ping_status":"closed","template":"","meta":{"footnotes":""},"class_list":["post-184","page","type-page","status-publish","hentry"],"_links":{"self":[{"href":"https:\/\/ekar.ee\/en\/wp-json\/wp\/v2\/pages\/184","targetHints":{"allow":["GET"]}}],"collection":[{"href":"https:\/\/ekar.ee\/en\/wp-json\/wp\/v2\/pages"}],"about":[{"href":"https:\/\/ekar.ee\/en\/wp-json\/wp\/v2\/types\/page"}],"author":[{"embeddable":true,"href":"https:\/\/ekar.ee\/en\/wp-json\/wp\/v2\/users\/1"}],"replies":[{"embeddable":true,"href":"https:\/\/ekar.ee\/en\/wp-json\/wp\/v2\/comments?post=184"}],"version-history":[{"count":5,"href":"https:\/\/ekar.ee\/en\/wp-json\/wp\/v2\/pages\/184\/revisions"}],"predecessor-version":[{"id":1241,"href":"https:\/\/ekar.ee\/en\/wp-json\/wp\/v2\/pages\/184\/revisions\/1241"}],"wp:attachment":[{"href":"https:\/\/ekar.ee\/en\/wp-json\/wp\/v2\/media?parent=184"}],"curies":[{"name":"wp","href":"https:\/\/api.w.org\/{rel}","templated":true}]}}