{"id":201,"date":"2024-03-17T15:04:04","date_gmt":"2024-03-17T15:04:04","guid":{"rendered":"https:\/\/ekar.ee\/?page_id=201"},"modified":"2025-02-27T13:56:28","modified_gmt":"2025-02-27T13:56:28","slug":"siiditrukk","status":"publish","type":"page","link":"https:\/\/ekar.ee\/en\/siiditrukk\/","title":{"rendered":"Siiditr\u00fckk"},"content":{"rendered":"<div data-elementor-type=\"wp-page\" data-elementor-id=\"201\" class=\"elementor elementor-201\" data-elementor-post-type=\"page\">\n\t\t\t\t<div class=\"elementor-element elementor-element-c52e21e e-flex e-con-boxed e-con e-parent\" data-id=\"c52e21e\" data-element_type=\"container\" data-e-type=\"container\" data-settings=\"{&quot;background_background&quot;:&quot;classic&quot;}\">\n\t\t\t\t\t<div class=\"e-con-inner\">\n\t\t\t\t<div class=\"elementor-element elementor-element-8a442e5 elementor-nav-menu__align-center elementor-nav-menu--dropdown-tablet elementor-nav-menu__text-align-aside elementor-nav-menu--toggle elementor-nav-menu--burger elementor-widget elementor-widget-nav-menu\" data-id=\"8a442e5\" data-element_type=\"widget\" data-e-type=\"widget\" data-settings=\"{&quot;layout&quot;:&quot;horizontal&quot;,&quot;submenu_icon&quot;:{&quot;value&quot;:&quot;&lt;svg class=\\&quot;e-font-icon-svg e-fas-caret-down\\&quot; viewBox=\\&quot;0 0 320 512\\&quot; xmlns=\\&quot;http:\\\/\\\/www.w3.org\\\/2000\\\/svg\\&quot;&gt;&lt;path d=\\&quot;M31.3 192h257.3c17.8 0 26.7 21.5 14.1 34.1L174.1 354.8c-7.8 7.8-20.5 7.8-28.3 0L17.2 226.1C4.6 213.5 13.5 192 31.3 192z\\&quot;&gt;&lt;\\\/path&gt;&lt;\\\/svg&gt;&quot;,&quot;library&quot;:&quot;fa-solid&quot;},&quot;toggle&quot;:&quot;burger&quot;}\" data-widget_type=\"nav-menu.default\">\n\t\t\t\t<div class=\"elementor-widget-container\">\n\t\t\t\t\t\t\t\t<nav aria-label=\"Menu\" class=\"elementor-nav-menu--main elementor-nav-menu__container elementor-nav-menu--layout-horizontal e--pointer-background e--animation-fade\">\n\t\t\t\t<ul id=\"menu-1-8a442e5\" class=\"elementor-nav-menu\"><li class=\"menu-item menu-item-type-post_type menu-item-object-page menu-item-401\"><a href=\"https:\/\/ekar.ee\/en\/siiditrukk\/\" class=\"elementor-item\">Siiditr\u00fckk<\/a><\/li>\n<li class=\"menu-item menu-item-type-post_type menu-item-object-page menu-item-400\"><a href=\"https:\/\/ekar.ee\/en\/digitaaltrukk\/\" class=\"elementor-item\">Digitaaltr\u00fckk<\/a><\/li>\n<li class=\"menu-item menu-item-type-post_type menu-item-object-page menu-item-399\"><a href=\"https:\/\/ekar.ee\/en\/kuumpress-trukk\/\" class=\"elementor-item\">Kuumpress tr\u00fckk<\/a><\/li>\n<\/ul>\t\t\t<\/nav>\n\t\t\t\t\t<div class=\"elementor-menu-toggle\" role=\"button\" tabindex=\"0\" aria-label=\"Menu Toggle\" aria-expanded=\"false\">\n\t\t\t<svg aria-hidden=\"true\" role=\"presentation\" class=\"elementor-menu-toggle__icon--open e-font-icon-svg e-eicon-menu-bar\" viewbox=\"0 0 1000 1000\" xmlns=\"http:\/\/www.w3.org\/2000\/svg\"><path d=\"M104 333H896C929 333 958 304 958 271S929 208 896 208H104C71 208 42 237 42 271S71 333 104 333ZM104 583H896C929 583 958 554 958 521S929 458 896 458H104C71 458 42 487 42 521S71 583 104 583ZM104 833H896C929 833 958 804 958 771S929 708 896 708H104C71 708 42 737 42 771S71 833 104 833Z\"><\/path><\/svg><svg aria-hidden=\"true\" role=\"presentation\" class=\"elementor-menu-toggle__icon--close e-font-icon-svg e-eicon-close\" viewbox=\"0 0 1000 1000\" xmlns=\"http:\/\/www.w3.org\/2000\/svg\"><path d=\"M742 167L500 408 258 167C246 154 233 150 217 150 196 150 179 158 167 167 154 179 150 196 150 212 150 229 154 242 171 254L408 500 167 742C138 771 138 800 167 829 196 858 225 858 254 829L496 587 738 829C750 842 767 846 783 846 800 846 817 842 829 829 842 817 846 804 846 783 846 767 842 750 829 737L588 500 833 258C863 229 863 200 833 171 804 137 775 137 742 167Z\"><\/path><\/svg>\t\t<\/div>\n\t\t\t\t\t<nav class=\"elementor-nav-menu--dropdown elementor-nav-menu__container\" aria-hidden=\"true\">\n\t\t\t\t<ul id=\"menu-2-8a442e5\" class=\"elementor-nav-menu\"><li class=\"menu-item menu-item-type-post_type menu-item-object-page menu-item-401\"><a href=\"https:\/\/ekar.ee\/en\/siiditrukk\/\" class=\"elementor-item\" tabindex=\"-1\">Siiditr\u00fckk<\/a><\/li>\n<li class=\"menu-item menu-item-type-post_type menu-item-object-page menu-item-400\"><a href=\"https:\/\/ekar.ee\/en\/digitaaltrukk\/\" class=\"elementor-item\" tabindex=\"-1\">Digitaaltr\u00fckk<\/a><\/li>\n<li class=\"menu-item menu-item-type-post_type menu-item-object-page menu-item-399\"><a href=\"https:\/\/ekar.ee\/en\/kuumpress-trukk\/\" class=\"elementor-item\" tabindex=\"-1\">Kuumpress tr\u00fckk<\/a><\/li>\n<\/ul>\t\t\t<\/nav>\n\t\t\t\t\t\t<\/div>\n\t\t\t\t<\/div>\n\t\t\t\t\t<\/div>\n\t\t\t\t<\/div>\n\t\t<div class=\"elementor-element elementor-element-1f33855 e-flex e-con-boxed e-con e-parent\" data-id=\"1f33855\" data-element_type=\"container\" data-e-type=\"container\">\n\t\t\t\t\t<div class=\"e-con-inner\">\n\t\t<div class=\"elementor-element elementor-element-1290689 e-flex e-con-boxed e-con e-child\" data-id=\"1290689\" data-element_type=\"container\" data-e-type=\"container\">\n\t\t\t\t\t<div class=\"e-con-inner\">\n\t\t<div class=\"elementor-element elementor-element-da383d0 e-con-full e-flex e-con e-child\" data-id=\"da383d0\" data-element_type=\"container\" data-e-type=\"container\" data-settings=\"{&quot;background_background&quot;:&quot;classic&quot;}\">\n\t\t\t\t<div class=\"elementor-element elementor-element-8ab22ce elementor-widget elementor-widget-heading\" data-id=\"8ab22ce\" data-element_type=\"widget\" data-e-type=\"widget\" data-widget_type=\"heading.default\">\n\t\t\t\t<div class=\"elementor-widget-container\">\n\t\t\t\t\t<h1 class=\"elementor-heading-title elementor-size-default\">Siiditr\u00fckk<\/h1>\t\t\t\t<\/div>\n\t\t\t\t<\/div>\n\t\t\t\t<div class=\"elementor-element elementor-element-33293c7 elementor-widget elementor-widget-text-editor\" data-id=\"33293c7\" data-element_type=\"widget\" data-e-type=\"widget\" data-widget_type=\"text-editor.default\">\n\t\t\t\t<div class=\"elementor-widget-container\">\n\t\t\t\t\t\t\t\t\t<p>Siiditr\u00fckk on spetsiaalsete tr\u00fckiv\u00e4rvidega k\u00e4sitsi kujundi kandmine tootele\u00a0 l\u00e4bi eelnevalt valmistatud \u0161ablooni. \u0160abloonid valmistatakse v\u00e4ga peenekoelisele siiditaolisele v\u00f5rgule, sellest ka meetodi nimetus siiditr\u00fckk.<\/p><p>T\u00f6\u00f6 on mahukas ja n\u00f5uab vastavaid seadmeid ja tehnikat. Emulsiooniga kaetud v\u00f5rgule asetatakse l\u00e4bipaistvale materjalile kantud soovitud kujundi pilt. Seej\u00e4rel v\u00f5rku valgustatakse ja selle tulemusena\u00a0 kopeerub v\u00f5rgule soovitud kujutis. Valgustamata emulsioon pestakse maha ja nii saadakse tr\u00fckkimiseks vajalik \u0161abloon.<\/p><p>Seej\u00e4rel saab asuda tr\u00fckkima. Kui pilt on mitmev\u00e4rviline, tuleb igale v\u00e4rvile valmistada oma \u0161abloon. V\u00e4rvi pealekandmine toimub enamasti k\u00e4sitsi ja n\u00f5uab head k\u00e4sit\u00f6\u00f6 oskust ning vilumust. Suuremate partiide ja mitme v\u00e4rviga tr\u00fckkimisel saame kasutada ka selleks v\u00e4ljat\u00f6\u00f6tatud karussellpressi.<\/p><p>Vastavalt tr\u00fckitava materjali t\u00fc\u00fcbile valitakse tr\u00fckiv\u00e4rv. Viimaseks etapiks on tr\u00fckiv\u00e4rvi kinnitamine vastaval temperatuuril selleks ehitatud kuumutuskambris.<\/p><p>Nagu eelnev kirjeldus n\u00e4itab, on siiditr\u00fckk k\u00fcllaltki t\u00f6\u00f6mahukas protsess ja on otstarbekam kasutada suuremate partiide puhul. Loomulikult v\u00f5ib siiditr\u00fckis valmistada ka v\u00e4ikseid partiisid, kuid toodete hind s\u00f5ltub suurel m\u00e4\u00e4ral kogusest.<\/p><p>Siiditr\u00fckki saame kasutada erinevate koostistega tekstiilmaterjalidele n\u00e4iteks puuvillased ja pol\u00fcesterkangad, erinevad\u00a0 kunstnahad. Samuti saab siiditr\u00fcki abil tr\u00fckkida puidule,metallile ja plastikule.<\/p><p>Siiditr\u00fckk sobib suurep\u00e4raselt v\u00e4ikestes partiides valmitatavatele disaintoodetele.<\/p>\t\t\t\t\t\t\t\t<\/div>\n\t\t\t\t<\/div>\n\t\t\t\t<\/div>\n\t\t\t\t\t<\/div>\n\t\t\t\t<\/div>\n\t\t\t\t\t<\/div>\n\t\t\t\t<\/div>\n\t\t\t\t<\/div>","protected":false},"excerpt":{"rendered":"<p>Siiditr\u00fckk Siiditr\u00fckk on spetsiaalsete tr\u00fckiv\u00e4rvidega k\u00e4sitsi kujundi kandmine tootele\u00a0 l\u00e4bi eelnevalt valmistatud \u0161ablooni. \u0160abloonid valmistatakse v\u00e4ga peenekoelisele siiditaolisele v\u00f5rgule, sellest ka meetodi nimetus siiditr\u00fckk. T\u00f6\u00f6 on mahukas ja n\u00f5uab vastavaid seadmeid ja tehnikat. Emulsiooniga kaetud v\u00f5rgule asetatakse l\u00e4bipaistvale materjalile kantud soovitud kujundi pilt. Seej\u00e4rel v\u00f5rku valgustatakse ja selle tulemusena\u00a0 kopeerub v\u00f5rgule soovitud kujutis. Valgustamata emulsioon [&hellip;]<\/p>","protected":false},"author":1,"featured_media":0,"parent":0,"menu_order":0,"comment_status":"closed","ping_status":"closed","template":"","meta":{"footnotes":""},"class_list":["post-201","page","type-page","status-publish","hentry"],"_links":{"self":[{"href":"https:\/\/ekar.ee\/en\/wp-json\/wp\/v2\/pages\/201","targetHints":{"allow":["GET"]}}],"collection":[{"href":"https:\/\/ekar.ee\/en\/wp-json\/wp\/v2\/pages"}],"about":[{"href":"https:\/\/ekar.ee\/en\/wp-json\/wp\/v2\/types\/page"}],"author":[{"embeddable":true,"href":"https:\/\/ekar.ee\/en\/wp-json\/wp\/v2\/users\/1"}],"replies":[{"embeddable":true,"href":"https:\/\/ekar.ee\/en\/wp-json\/wp\/v2\/comments?post=201"}],"version-history":[{"count":5,"href":"https:\/\/ekar.ee\/en\/wp-json\/wp\/v2\/pages\/201\/revisions"}],"predecessor-version":[{"id":1188,"href":"https:\/\/ekar.ee\/en\/wp-json\/wp\/v2\/pages\/201\/revisions\/1188"}],"wp:attachment":[{"href":"https:\/\/ekar.ee\/en\/wp-json\/wp\/v2\/media?parent=201"}],"curies":[{"name":"wp","href":"https:\/\/api.w.org\/{rel}","templated":true}]}}