{"id":203,"date":"2024-03-17T15:07:50","date_gmt":"2024-03-17T15:07:50","guid":{"rendered":"https:\/\/ekar.ee\/?page_id=203"},"modified":"2025-02-27T13:49:37","modified_gmt":"2025-02-27T13:49:37","slug":"digitaaltrukk","status":"publish","type":"page","link":"https:\/\/ekar.ee\/en\/digitaaltrukk\/","title":{"rendered":"Digitaaltr\u00fckk"},"content":{"rendered":"<div data-elementor-type=\"wp-page\" data-elementor-id=\"203\" class=\"elementor elementor-203\" data-elementor-post-type=\"page\">\n\t\t\t\t<div class=\"elementor-element elementor-element-83f1d12 e-flex e-con-boxed e-con e-parent\" data-id=\"83f1d12\" data-element_type=\"container\" data-e-type=\"container\" data-settings=\"{&quot;background_background&quot;:&quot;classic&quot;}\">\n\t\t\t\t\t<div class=\"e-con-inner\">\n\t\t\t\t<div class=\"elementor-element elementor-element-427e631 elementor-nav-menu__align-center elementor-nav-menu--dropdown-tablet elementor-nav-menu__text-align-aside elementor-nav-menu--toggle elementor-nav-menu--burger elementor-widget elementor-widget-nav-menu\" data-id=\"427e631\" data-element_type=\"widget\" data-e-type=\"widget\" data-settings=\"{&quot;layout&quot;:&quot;horizontal&quot;,&quot;submenu_icon&quot;:{&quot;value&quot;:&quot;&lt;svg class=\\&quot;e-font-icon-svg e-fas-caret-down\\&quot; viewBox=\\&quot;0 0 320 512\\&quot; xmlns=\\&quot;http:\\\/\\\/www.w3.org\\\/2000\\\/svg\\&quot;&gt;&lt;path d=\\&quot;M31.3 192h257.3c17.8 0 26.7 21.5 14.1 34.1L174.1 354.8c-7.8 7.8-20.5 7.8-28.3 0L17.2 226.1C4.6 213.5 13.5 192 31.3 192z\\&quot;&gt;&lt;\\\/path&gt;&lt;\\\/svg&gt;&quot;,&quot;library&quot;:&quot;fa-solid&quot;},&quot;toggle&quot;:&quot;burger&quot;}\" data-widget_type=\"nav-menu.default\">\n\t\t\t\t<div class=\"elementor-widget-container\">\n\t\t\t\t\t\t\t\t<nav aria-label=\"Menu\" class=\"elementor-nav-menu--main elementor-nav-menu__container elementor-nav-menu--layout-horizontal e--pointer-background e--animation-fade\">\n\t\t\t\t<ul id=\"menu-1-427e631\" class=\"elementor-nav-menu\"><li class=\"menu-item menu-item-type-post_type menu-item-object-page menu-item-401\"><a href=\"https:\/\/ekar.ee\/en\/siiditrukk\/\" class=\"elementor-item\">Siiditr\u00fckk<\/a><\/li>\n<li class=\"menu-item menu-item-type-post_type menu-item-object-page menu-item-400\"><a href=\"https:\/\/ekar.ee\/en\/digitaaltrukk\/\" class=\"elementor-item\">Digitaaltr\u00fckk<\/a><\/li>\n<li class=\"menu-item menu-item-type-post_type menu-item-object-page menu-item-399\"><a href=\"https:\/\/ekar.ee\/en\/kuumpress-trukk\/\" class=\"elementor-item\">Kuumpress tr\u00fckk<\/a><\/li>\n<\/ul>\t\t\t<\/nav>\n\t\t\t\t\t<div class=\"elementor-menu-toggle\" role=\"button\" tabindex=\"0\" aria-label=\"Menu Toggle\" aria-expanded=\"false\">\n\t\t\t<svg aria-hidden=\"true\" role=\"presentation\" class=\"elementor-menu-toggle__icon--open e-font-icon-svg e-eicon-menu-bar\" viewbox=\"0 0 1000 1000\" xmlns=\"http:\/\/www.w3.org\/2000\/svg\"><path d=\"M104 333H896C929 333 958 304 958 271S929 208 896 208H104C71 208 42 237 42 271S71 333 104 333ZM104 583H896C929 583 958 554 958 521S929 458 896 458H104C71 458 42 487 42 521S71 583 104 583ZM104 833H896C929 833 958 804 958 771S929 708 896 708H104C71 708 42 737 42 771S71 833 104 833Z\"><\/path><\/svg><svg aria-hidden=\"true\" role=\"presentation\" class=\"elementor-menu-toggle__icon--close e-font-icon-svg e-eicon-close\" viewbox=\"0 0 1000 1000\" xmlns=\"http:\/\/www.w3.org\/2000\/svg\"><path d=\"M742 167L500 408 258 167C246 154 233 150 217 150 196 150 179 158 167 167 154 179 150 196 150 212 150 229 154 242 171 254L408 500 167 742C138 771 138 800 167 829 196 858 225 858 254 829L496 587 738 829C750 842 767 846 783 846 800 846 817 842 829 829 842 817 846 804 846 783 846 767 842 750 829 737L588 500 833 258C863 229 863 200 833 171 804 137 775 137 742 167Z\"><\/path><\/svg>\t\t<\/div>\n\t\t\t\t\t<nav class=\"elementor-nav-menu--dropdown elementor-nav-menu__container\" aria-hidden=\"true\">\n\t\t\t\t<ul id=\"menu-2-427e631\" class=\"elementor-nav-menu\"><li class=\"menu-item menu-item-type-post_type menu-item-object-page menu-item-401\"><a href=\"https:\/\/ekar.ee\/en\/siiditrukk\/\" class=\"elementor-item\" tabindex=\"-1\">Siiditr\u00fckk<\/a><\/li>\n<li class=\"menu-item menu-item-type-post_type menu-item-object-page menu-item-400\"><a href=\"https:\/\/ekar.ee\/en\/digitaaltrukk\/\" class=\"elementor-item\" tabindex=\"-1\">Digitaaltr\u00fckk<\/a><\/li>\n<li class=\"menu-item menu-item-type-post_type menu-item-object-page menu-item-399\"><a href=\"https:\/\/ekar.ee\/en\/kuumpress-trukk\/\" class=\"elementor-item\" tabindex=\"-1\">Kuumpress tr\u00fckk<\/a><\/li>\n<\/ul>\t\t\t<\/nav>\n\t\t\t\t\t\t<\/div>\n\t\t\t\t<\/div>\n\t\t\t\t\t<\/div>\n\t\t\t\t<\/div>\n\t\t<div class=\"elementor-element elementor-element-47b20b21 e-flex e-con-boxed e-con e-child\" data-id=\"47b20b21\" data-element_type=\"container\" data-e-type=\"container\">\n\t\t\t\t\t<div class=\"e-con-inner\">\n\t\t<div class=\"elementor-element elementor-element-7db3aa88 e-con-full e-flex e-con e-child\" data-id=\"7db3aa88\" data-element_type=\"container\" data-e-type=\"container\" data-settings=\"{&quot;background_background&quot;:&quot;classic&quot;}\">\n\t\t\t\t<div class=\"elementor-element elementor-element-130efff1 elementor-widget elementor-widget-heading\" data-id=\"130efff1\" data-element_type=\"widget\" data-e-type=\"widget\" data-widget_type=\"heading.default\">\n\t\t\t\t<div class=\"elementor-widget-container\">\n\t\t\t\t\t<h1 class=\"elementor-heading-title elementor-size-default\">Digitaaltr\u00fckk<\/h1>\t\t\t\t<\/div>\n\t\t\t\t<\/div>\n\t\t\t\t<div class=\"elementor-element elementor-element-2529685c elementor-widget elementor-widget-text-editor\" data-id=\"2529685c\" data-element_type=\"widget\" data-e-type=\"widget\" data-widget_type=\"text-editor.default\">\n\t\t\t\t<div class=\"elementor-widget-container\">\n\t\t\t\t\t\t\t\t\t<p>Kaasaegsed digiprinterid on loonud v\u00f5imaluse tr\u00fcki kui kunstiliigi arenguks ja teinud selle soovijatele k\u00e4ttesaadavamaks. Printerid on varustatud 4 tr\u00fckipeaga ja tr\u00fckkimisel ksutatavad 4 p\u00f5hiv\u00e4rvi annavad v\u00f5imaluse tr\u00fckkida k\u00f5ikv\u00f5imalikke jooniseid ja fotosid erinevates v\u00e4rvitoonides. Enamasti tr\u00fckitakse mustrid esmalt paberile ja seej\u00e4rel kantakse kuumt\u00f6\u00f6tlusega paberilt kangale.<\/p><p>Osa printeritest v\u00f5imaldab teha ka kangale otsetr\u00fckki.<\/p><p>Ditaalgiprinteritega tr\u00fckkimine on hea v\u00f5imalus toota v\u00e4ikestes partiides disainkangaid, just selliseid nagu disainerid neid on kujundanud. Kangaid saab kasutada nii sisekujunduses kui ka r\u00f5ivaste valmistamisel. Ainsaks piiranguks on materjali koostis &#8211; tr\u00fckkida saame ainult 100% pol\u00fcester kangale. Kanga struktuur v\u00f5ib olla sellegi poolest erinev.<\/p><p>Digiprint annab hea v\u00f5imaluse valmistada nii riigilippe kui ka firmalippe ja vimpleid. Firma s\u00fcmboolikat on v\u00f5imalik kanda ka muudele toodetele nagu padjad, kott-toolid kardinad, linikud, kotid \u00a0jne.<\/p>\t\t\t\t\t\t\t\t<\/div>\n\t\t\t\t<\/div>\n\t\t\t\t<\/div>\n\t\t\t\t\t<\/div>\n\t\t\t\t<\/div>\n\t\t\t\t<\/div>","protected":false},"excerpt":{"rendered":"<p>Digitaaltr\u00fckk Kaasaegsed digiprinterid on loonud v\u00f5imaluse tr\u00fcki kui kunstiliigi arenguks ja teinud selle soovijatele k\u00e4ttesaadavamaks. Printerid on varustatud 4 tr\u00fckipeaga ja tr\u00fckkimisel ksutatavad 4 p\u00f5hiv\u00e4rvi annavad v\u00f5imaluse tr\u00fckkida k\u00f5ikv\u00f5imalikke jooniseid ja fotosid erinevates v\u00e4rvitoonides. Enamasti tr\u00fckitakse mustrid esmalt paberile ja seej\u00e4rel kantakse kuumt\u00f6\u00f6tlusega paberilt kangale. Osa printeritest v\u00f5imaldab teha ka kangale otsetr\u00fckki. Ditaalgiprinteritega tr\u00fckkimine on [&hellip;]<\/p>","protected":false},"author":1,"featured_media":0,"parent":0,"menu_order":0,"comment_status":"closed","ping_status":"closed","template":"","meta":{"footnotes":""},"class_list":["post-203","page","type-page","status-publish","hentry"],"_links":{"self":[{"href":"https:\/\/ekar.ee\/en\/wp-json\/wp\/v2\/pages\/203","targetHints":{"allow":["GET"]}}],"collection":[{"href":"https:\/\/ekar.ee\/en\/wp-json\/wp\/v2\/pages"}],"about":[{"href":"https:\/\/ekar.ee\/en\/wp-json\/wp\/v2\/types\/page"}],"author":[{"embeddable":true,"href":"https:\/\/ekar.ee\/en\/wp-json\/wp\/v2\/users\/1"}],"replies":[{"embeddable":true,"href":"https:\/\/ekar.ee\/en\/wp-json\/wp\/v2\/comments?post=203"}],"version-history":[{"count":5,"href":"https:\/\/ekar.ee\/en\/wp-json\/wp\/v2\/pages\/203\/revisions"}],"predecessor-version":[{"id":1159,"href":"https:\/\/ekar.ee\/en\/wp-json\/wp\/v2\/pages\/203\/revisions\/1159"}],"wp:attachment":[{"href":"https:\/\/ekar.ee\/en\/wp-json\/wp\/v2\/media?parent=203"}],"curies":[{"name":"wp","href":"https:\/\/api.w.org\/{rel}","templated":true}]}}