{"id":207,"date":"2024-03-17T16:01:52","date_gmt":"2024-03-17T16:01:52","guid":{"rendered":"https:\/\/ekar.ee\/?page_id=207"},"modified":"2025-02-27T13:49:55","modified_gmt":"2025-02-27T13:49:55","slug":"kuumpress-trukk","status":"publish","type":"page","link":"https:\/\/ekar.ee\/en\/kuumpress-trukk\/","title":{"rendered":"Kuumpress tr\u00fckk"},"content":{"rendered":"<div data-elementor-type=\"wp-page\" data-elementor-id=\"207\" class=\"elementor elementor-207\" data-elementor-post-type=\"page\">\n\t\t\t\t<div class=\"elementor-element elementor-element-d4d9091 e-flex e-con-boxed e-con e-parent\" data-id=\"d4d9091\" data-element_type=\"container\" data-e-type=\"container\" data-settings=\"{&quot;background_background&quot;:&quot;classic&quot;}\">\n\t\t\t\t\t<div class=\"e-con-inner\">\n\t\t\t\t<div class=\"elementor-element elementor-element-25ebbc6 elementor-nav-menu__align-center elementor-nav-menu--dropdown-tablet elementor-nav-menu__text-align-aside elementor-nav-menu--toggle elementor-nav-menu--burger elementor-widget elementor-widget-nav-menu\" data-id=\"25ebbc6\" data-element_type=\"widget\" data-e-type=\"widget\" data-settings=\"{&quot;layout&quot;:&quot;horizontal&quot;,&quot;submenu_icon&quot;:{&quot;value&quot;:&quot;&lt;svg class=\\&quot;e-font-icon-svg e-fas-caret-down\\&quot; viewBox=\\&quot;0 0 320 512\\&quot; xmlns=\\&quot;http:\\\/\\\/www.w3.org\\\/2000\\\/svg\\&quot;&gt;&lt;path d=\\&quot;M31.3 192h257.3c17.8 0 26.7 21.5 14.1 34.1L174.1 354.8c-7.8 7.8-20.5 7.8-28.3 0L17.2 226.1C4.6 213.5 13.5 192 31.3 192z\\&quot;&gt;&lt;\\\/path&gt;&lt;\\\/svg&gt;&quot;,&quot;library&quot;:&quot;fa-solid&quot;},&quot;toggle&quot;:&quot;burger&quot;}\" data-widget_type=\"nav-menu.default\">\n\t\t\t\t<div class=\"elementor-widget-container\">\n\t\t\t\t\t\t\t\t<nav aria-label=\"Menu\" class=\"elementor-nav-menu--main elementor-nav-menu__container elementor-nav-menu--layout-horizontal e--pointer-background e--animation-fade\">\n\t\t\t\t<ul id=\"menu-1-25ebbc6\" class=\"elementor-nav-menu\"><li class=\"menu-item menu-item-type-post_type menu-item-object-page menu-item-401\"><a href=\"https:\/\/ekar.ee\/en\/siiditrukk\/\" class=\"elementor-item\">Siiditr\u00fckk<\/a><\/li>\n<li class=\"menu-item menu-item-type-post_type menu-item-object-page menu-item-400\"><a href=\"https:\/\/ekar.ee\/en\/digitaaltrukk\/\" class=\"elementor-item\">Digitaaltr\u00fckk<\/a><\/li>\n<li class=\"menu-item menu-item-type-post_type menu-item-object-page menu-item-399\"><a href=\"https:\/\/ekar.ee\/en\/kuumpress-trukk\/\" class=\"elementor-item\">Kuumpress tr\u00fckk<\/a><\/li>\n<\/ul>\t\t\t<\/nav>\n\t\t\t\t\t<div class=\"elementor-menu-toggle\" role=\"button\" tabindex=\"0\" aria-label=\"Menu Toggle\" aria-expanded=\"false\">\n\t\t\t<svg aria-hidden=\"true\" role=\"presentation\" class=\"elementor-menu-toggle__icon--open e-font-icon-svg e-eicon-menu-bar\" viewbox=\"0 0 1000 1000\" xmlns=\"http:\/\/www.w3.org\/2000\/svg\"><path d=\"M104 333H896C929 333 958 304 958 271S929 208 896 208H104C71 208 42 237 42 271S71 333 104 333ZM104 583H896C929 583 958 554 958 521S929 458 896 458H104C71 458 42 487 42 521S71 583 104 583ZM104 833H896C929 833 958 804 958 771S929 708 896 708H104C71 708 42 737 42 771S71 833 104 833Z\"><\/path><\/svg><svg aria-hidden=\"true\" role=\"presentation\" class=\"elementor-menu-toggle__icon--close e-font-icon-svg e-eicon-close\" viewbox=\"0 0 1000 1000\" xmlns=\"http:\/\/www.w3.org\/2000\/svg\"><path d=\"M742 167L500 408 258 167C246 154 233 150 217 150 196 150 179 158 167 167 154 179 150 196 150 212 150 229 154 242 171 254L408 500 167 742C138 771 138 800 167 829 196 858 225 858 254 829L496 587 738 829C750 842 767 846 783 846 800 846 817 842 829 829 842 817 846 804 846 783 846 767 842 750 829 737L588 500 833 258C863 229 863 200 833 171 804 137 775 137 742 167Z\"><\/path><\/svg>\t\t<\/div>\n\t\t\t\t\t<nav class=\"elementor-nav-menu--dropdown elementor-nav-menu__container\" aria-hidden=\"true\">\n\t\t\t\t<ul id=\"menu-2-25ebbc6\" class=\"elementor-nav-menu\"><li class=\"menu-item menu-item-type-post_type menu-item-object-page menu-item-401\"><a href=\"https:\/\/ekar.ee\/en\/siiditrukk\/\" class=\"elementor-item\" tabindex=\"-1\">Siiditr\u00fckk<\/a><\/li>\n<li class=\"menu-item menu-item-type-post_type menu-item-object-page menu-item-400\"><a href=\"https:\/\/ekar.ee\/en\/digitaaltrukk\/\" class=\"elementor-item\" tabindex=\"-1\">Digitaaltr\u00fckk<\/a><\/li>\n<li class=\"menu-item menu-item-type-post_type menu-item-object-page menu-item-399\"><a href=\"https:\/\/ekar.ee\/en\/kuumpress-trukk\/\" class=\"elementor-item\" tabindex=\"-1\">Kuumpress tr\u00fckk<\/a><\/li>\n<\/ul>\t\t\t<\/nav>\n\t\t\t\t\t\t<\/div>\n\t\t\t\t<\/div>\n\t\t\t\t\t<\/div>\n\t\t\t\t<\/div>\n\t\t<div class=\"elementor-element elementor-element-60311e15 e-flex e-con-boxed e-con e-child\" data-id=\"60311e15\" data-element_type=\"container\" data-e-type=\"container\">\n\t\t\t\t\t<div class=\"e-con-inner\">\n\t\t<div class=\"elementor-element elementor-element-444901b9 e-con-full e-flex e-con e-child\" data-id=\"444901b9\" data-element_type=\"container\" data-e-type=\"container\" data-settings=\"{&quot;background_background&quot;:&quot;classic&quot;}\">\n\t\t\t\t<div class=\"elementor-element elementor-element-6e7c9cde elementor-widget elementor-widget-heading\" data-id=\"6e7c9cde\" data-element_type=\"widget\" data-e-type=\"widget\" data-widget_type=\"heading.default\">\n\t\t\t\t<div class=\"elementor-widget-container\">\n\t\t\t\t\t<h1 class=\"elementor-heading-title elementor-size-default\">Kuumpress tr\u00fckk<\/h1>\t\t\t\t<\/div>\n\t\t\t\t<\/div>\n\t\t\t\t<div class=\"elementor-element elementor-element-29e7e0b5 elementor-widget elementor-widget-text-editor\" data-id=\"29e7e0b5\" data-element_type=\"widget\" data-e-type=\"widget\" data-widget_type=\"text-editor.default\">\n\t\t\t\t<div class=\"elementor-widget-container\">\n\t\t\t\t\t\t\t\t\t<p>Kuumpress meetod on veel \u00fcks v\u00f5imalus, kuidas toodetele kanda firmas\u00fcmboolikat , sloganeid v\u00f5i lihtsalt kliendi soovi kohaselt kaunistusi. \u00a0Kuumpress tr\u00fckk on v\u00e4ga sobiv kiireteks tr\u00fckilahendusteks. Erinevalt digitr\u00fckist ei ole suure pinna tr\u00fckk selle meetodiga otstarbekas.<\/p><p>Tr\u00fckkimiseks kuumpress meetodil kasutame t\u00e4ispinnav\u00e4rvidena v\u00e4rvilisi kilesid. Kilest soovitud kujundi saame kilel\u00f5ikuri abil, mis vastavalt etteantud programmile\u00a0 tr\u00fckitava kujundi t\u00e4pselt v\u00e4lja l\u00f5ikab. J\u00e4rgmine etapp on v\u00e4jal\u00f5igatud kujundi kandmine tootele kuuma pressiga. Oluline on siin kindlasti materjali eelnev katsetamine, sest iga materjal k\u00e4itub kuumt\u00f6\u00f6tlemisel erinevalt.<\/p><p>Kui logo v\u00f5i muster on mitmev\u00e4rviline, tuleb erinevad v\u00e4rvid eraldi v\u00e4lja l\u00f5igata. Juhul kui eri v\u00e4rve on palju v\u00f5i need on varjundiga, siis saame kujundi tr\u00fckkida eelnevalt digitr\u00fckis kilele. Seej\u00e4rel l\u00f5ikame kujundi v\u00e4lja ja kanname selle kuumpressi abil tootele.<\/p>\t\t\t\t\t\t\t\t<\/div>\n\t\t\t\t<\/div>\n\t\t\t\t<div class=\"elementor-element elementor-element-3d1c0e6 elementor-widget elementor-widget-gallery\" data-id=\"3d1c0e6\" data-element_type=\"widget\" data-e-type=\"widget\" data-settings=\"{&quot;columns&quot;:2,&quot;gap&quot;:{&quot;unit&quot;:&quot;px&quot;,&quot;size&quot;:26,&quot;sizes&quot;:[]},&quot;lazyload&quot;:&quot;yes&quot;,&quot;gallery_layout&quot;:&quot;grid&quot;,&quot;columns_tablet&quot;:2,&quot;columns_mobile&quot;:1,&quot;gap_tablet&quot;:{&quot;unit&quot;:&quot;px&quot;,&quot;size&quot;:10,&quot;sizes&quot;:[]},&quot;gap_mobile&quot;:{&quot;unit&quot;:&quot;px&quot;,&quot;size&quot;:10,&quot;sizes&quot;:[]},&quot;link_to&quot;:&quot;file&quot;,&quot;aspect_ratio&quot;:&quot;3:2&quot;,&quot;overlay_background&quot;:&quot;yes&quot;,&quot;content_hover_animation&quot;:&quot;fade-in&quot;}\" data-widget_type=\"gallery.default\">\n\t\t\t\t<div class=\"elementor-widget-container\">\n\t\t\t\t\t\t\t\t<div class=\"elementor-gallery__titles-container e--pointer-none\" aria-label=\"Gallery filter\">\n\t\t\t\t\n\t\t\t\t\t\t\t\t\t<a class=\"elementor-item elementor-gallery-title\" role=\"button\" tabindex=\"0\" data-gallery-index=\"1\">\n\t\t\t\t\t\t\t\t\t\t\t<\/a>\n\t\t\t\t\t\t\t\t\t\t<a class=\"elementor-item elementor-gallery-title\" role=\"button\" tabindex=\"0\" data-gallery-index=\"2\">\n\t\t\t\t\t\t\t\t\t\t\t<\/a>\n\t\t\t\t\t\t\t\t<\/div>\n\t\t\t\t\t<div class=\"elementor-gallery__container\">\n\t\t\t\t\t\t\t<a class=\"e-gallery-item elementor-gallery-item elementor-animated-content\" data-e-gallery-tags=\"1,2\" href=\"https:\/\/ekar.ee\/wp-content\/uploads\/2024\/03\/IMG_20240319_161409-scaled.jpg\" data-elementor-open-lightbox=\"yes\" data-elementor-lightbox-slideshow=\"3d1c0e6\" data-elementor-lightbox-title=\"IMG_20240319_161409\" data-e-action-hash=\"#elementor-action%3Aaction%3Dlightbox%26settings%3DeyJpZCI6MjgwLCJ1cmwiOiJodHRwczpcL1wvZWthci5lZVwvd3AtY29udGVudFwvdXBsb2Fkc1wvMjAyNFwvMDNcL0lNR18yMDI0MDMxOV8xNjE0MDktc2NhbGVkLmpwZyIsInNsaWRlc2hvdyI6IjNkMWMwZTYifQ%3D%3D\">\n\t\t\t\t\t<div class=\"e-gallery-image elementor-gallery-item__image\" data-thumbnail=\"https:\/\/ekar.ee\/wp-content\/uploads\/2024\/03\/IMG_20240319_161409-300x226.jpg\" data-width=\"300\" data-height=\"226\" aria-label=\"\" role=\"img\" ><\/div>\n\t\t\t\t\t\t\t\t\t\t\t<div class=\"elementor-gallery-item__overlay\"><\/div>\n\t\t\t\t\t\t\t\t\t\t\t\t\t\t<\/a>\n\t\t\t\t\t\t\t<a class=\"e-gallery-item elementor-gallery-item elementor-animated-content\" data-e-gallery-tags=\"1\" href=\"https:\/\/ekar.ee\/wp-content\/uploads\/2024\/03\/IMG_20240319_171626-scaled.jpg\" data-elementor-open-lightbox=\"yes\" data-elementor-lightbox-slideshow=\"3d1c0e6\" data-elementor-lightbox-title=\"IMG_20240319_171626\" data-e-action-hash=\"#elementor-action%3Aaction%3Dlightbox%26settings%3DeyJpZCI6MjgxLCJ1cmwiOiJodHRwczpcL1wvZWthci5lZVwvd3AtY29udGVudFwvdXBsb2Fkc1wvMjAyNFwvMDNcL0lNR18yMDI0MDMxOV8xNzE2MjYtc2NhbGVkLmpwZyIsInNsaWRlc2hvdyI6IjNkMWMwZTYifQ%3D%3D\">\n\t\t\t\t\t<div class=\"e-gallery-image elementor-gallery-item__image\" data-thumbnail=\"https:\/\/ekar.ee\/wp-content\/uploads\/2024\/03\/IMG_20240319_171626-300x226.jpg\" data-width=\"300\" data-height=\"226\" aria-label=\"\" role=\"img\" ><\/div>\n\t\t\t\t\t\t\t\t\t\t\t<div class=\"elementor-gallery-item__overlay\"><\/div>\n\t\t\t\t\t\t\t\t\t\t\t\t\t\t<\/a>\n\t\t\t\t\t<\/div>\n\t\t\t\t\t<\/div>\n\t\t\t\t<\/div>\n\t\t\t\t<\/div>\n\t\t\t\t\t<\/div>\n\t\t\t\t<\/div>\n\t\t\t\t<\/div>","protected":false},"excerpt":{"rendered":"<p>Kuumpress tr\u00fckk Kuumpress meetod on veel \u00fcks v\u00f5imalus, kuidas toodetele kanda firmas\u00fcmboolikat , sloganeid v\u00f5i lihtsalt kliendi soovi kohaselt kaunistusi. \u00a0Kuumpress tr\u00fckk on v\u00e4ga sobiv kiireteks tr\u00fckilahendusteks. Erinevalt digitr\u00fckist ei ole suure pinna tr\u00fckk selle meetodiga otstarbekas. Tr\u00fckkimiseks kuumpress meetodil kasutame t\u00e4ispinnav\u00e4rvidena v\u00e4rvilisi kilesid. Kilest soovitud kujundi saame kilel\u00f5ikuri abil, mis vastavalt etteantud programmile\u00a0 tr\u00fckitava [&hellip;]<\/p>","protected":false},"author":1,"featured_media":0,"parent":0,"menu_order":0,"comment_status":"closed","ping_status":"closed","template":"","meta":{"footnotes":""},"class_list":["post-207","page","type-page","status-publish","hentry"],"_links":{"self":[{"href":"https:\/\/ekar.ee\/en\/wp-json\/wp\/v2\/pages\/207","targetHints":{"allow":["GET"]}}],"collection":[{"href":"https:\/\/ekar.ee\/en\/wp-json\/wp\/v2\/pages"}],"about":[{"href":"https:\/\/ekar.ee\/en\/wp-json\/wp\/v2\/types\/page"}],"author":[{"embeddable":true,"href":"https:\/\/ekar.ee\/en\/wp-json\/wp\/v2\/users\/1"}],"replies":[{"embeddable":true,"href":"https:\/\/ekar.ee\/en\/wp-json\/wp\/v2\/comments?post=207"}],"version-history":[{"count":5,"href":"https:\/\/ekar.ee\/en\/wp-json\/wp\/v2\/pages\/207\/revisions"}],"predecessor-version":[{"id":1165,"href":"https:\/\/ekar.ee\/en\/wp-json\/wp\/v2\/pages\/207\/revisions\/1165"}],"wp:attachment":[{"href":"https:\/\/ekar.ee\/en\/wp-json\/wp\/v2\/media?parent=207"}],"curies":[{"name":"wp","href":"https:\/\/api.w.org\/{rel}","templated":true}]}}