{"id":30,"date":"2024-03-14T10:28:40","date_gmt":"2024-03-14T10:28:40","guid":{"rendered":"https:\/\/ekar.ee\/?page_id=30"},"modified":"2025-02-27T13:45:11","modified_gmt":"2025-02-27T13:45:11","slug":"meist","status":"publish","type":"page","link":"https:\/\/ekar.ee\/en\/meist\/","title":{"rendered":"Meist"},"content":{"rendered":"<div data-elementor-type=\"wp-page\" data-elementor-id=\"30\" class=\"elementor elementor-30\" data-elementor-post-type=\"page\">\n\t\t\t\t<div class=\"elementor-element elementor-element-f26c5f4 e-flex e-con-boxed e-con e-parent\" data-id=\"f26c5f4\" data-element_type=\"container\" data-e-type=\"container\">\n\t\t\t\t\t<div class=\"e-con-inner\">\n\t\t<div class=\"elementor-element elementor-element-b69d4a7 e-con-full e-flex e-con e-child\" data-id=\"b69d4a7\" data-element_type=\"container\" data-e-type=\"container\" data-settings=\"{&quot;background_background&quot;:&quot;classic&quot;}\">\n\t\t\t\t<div class=\"elementor-element elementor-element-da768f5 elementor-widget elementor-widget-heading\" data-id=\"da768f5\" data-element_type=\"widget\" data-e-type=\"widget\" data-widget_type=\"heading.default\">\n\t\t\t\t<div class=\"elementor-widget-container\">\n\t\t\t\t\t<h1 class=\"elementor-heading-title elementor-size-default\">Meist<\/h1>\t\t\t\t<\/div>\n\t\t\t\t<\/div>\n\t\t\t\t<div class=\"elementor-element elementor-element-d91bf4b elementor-widget elementor-widget-text-editor\" data-id=\"d91bf4b\" data-element_type=\"widget\" data-e-type=\"widget\" data-widget_type=\"text-editor.default\">\n\t\t\t\t<div class=\"elementor-widget-container\">\n\t\t\t\t\t\t\t\t\t<p>O\u00dc Ekar Tr\u00fckk p\u00f5hitegevusaladeks on siiditr\u00fckk, \u00f5mblustoodete valmistamine ning puidu t\u00f6\u00f6tlemine. Firma asutati algselt aktsiaseltsina 1996. aastal ja p\u00f5hineb 100% Eesti kapitalil. Ekar Tr\u00fcki tootmistsehhid asuvad Kehras.<\/p><p>Ekar Tr\u00fcki prioriteediks on k\u00e4sitsi siiditr\u00fckk mitmesugustele materjalidele. Peamisteks tootmisartikliteks on mitmesugused riigi- ja firmalipud, vimplid, b\u00e4nnerid, tellija s\u00fcmboolikaga r\u00f5ivad ja muud reklaamtooted. Valmistoodetena pakutakse mitmesuguses vormis Eesti lippe ja mastivimpleid. Ekar Tr\u00fckk toodab ka ohutusm\u00e4rke ja leppem\u00e4rke ning kunstiobjekte.<\/p><p>Ekar Tr\u00fcki puidutsehis valmistatakse erinevaid v\u00e4iksemaid esemeid nagu l\u00f5ikelaudu, karpe, riidepuid jms. Soovi korral tr\u00fckitakse neile ka tellija s\u00fcmboolika. Puidukoja tooteid oleme m\u00fc\u00fcnud sellistele tuntud kaubam\u00e4rkidele nagu Hackman, Stockmann, Iittala jt.<\/p><p>Ekar Tr\u00fckk on ettev\u00f5te, kus hinnatakse t\u00e4nap\u00e4eval haruldase k\u00e4sit\u00f6\u00f6 eeliseid ja p\u00fc\u00fctakse alati leida kliendile parimat lahendust<\/p>\t\t\t\t\t\t\t\t<\/div>\n\t\t\t\t<\/div>\n\t\t\t\t<\/div>\n\t\t\t\t\t<\/div>\n\t\t\t\t<\/div>\n\t\t\t\t<\/div>","protected":false},"excerpt":{"rendered":"<p>Meist O\u00dc Ekar Tr\u00fckk p\u00f5hitegevusaladeks on siiditr\u00fckk, \u00f5mblustoodete valmistamine ning puidu t\u00f6\u00f6tlemine. Firma asutati algselt aktsiaseltsina 1996. aastal ja p\u00f5hineb 100% Eesti kapitalil. Ekar Tr\u00fcki tootmistsehhid asuvad Kehras. Ekar Tr\u00fcki prioriteediks on k\u00e4sitsi siiditr\u00fckk mitmesugustele materjalidele. Peamisteks tootmisartikliteks on mitmesugused riigi- ja firmalipud, vimplid, b\u00e4nnerid, tellija s\u00fcmboolikaga r\u00f5ivad ja muud reklaamtooted. Valmistoodetena pakutakse mitmesuguses vormis [&hellip;]<\/p>","protected":false},"author":1,"featured_media":0,"parent":0,"menu_order":0,"comment_status":"closed","ping_status":"closed","template":"","meta":{"footnotes":""},"class_list":["post-30","page","type-page","status-publish","hentry"],"_links":{"self":[{"href":"https:\/\/ekar.ee\/en\/wp-json\/wp\/v2\/pages\/30","targetHints":{"allow":["GET"]}}],"collection":[{"href":"https:\/\/ekar.ee\/en\/wp-json\/wp\/v2\/pages"}],"about":[{"href":"https:\/\/ekar.ee\/en\/wp-json\/wp\/v2\/types\/page"}],"author":[{"embeddable":true,"href":"https:\/\/ekar.ee\/en\/wp-json\/wp\/v2\/users\/1"}],"replies":[{"embeddable":true,"href":"https:\/\/ekar.ee\/en\/wp-json\/wp\/v2\/comments?post=30"}],"version-history":[{"count":5,"href":"https:\/\/ekar.ee\/en\/wp-json\/wp\/v2\/pages\/30\/revisions"}],"predecessor-version":[{"id":1146,"href":"https:\/\/ekar.ee\/en\/wp-json\/wp\/v2\/pages\/30\/revisions\/1146"}],"wp:attachment":[{"href":"https:\/\/ekar.ee\/en\/wp-json\/wp\/v2\/media?parent=30"}],"curies":[{"name":"wp","href":"https:\/\/api.w.org\/{rel}","templated":true}]}}