{"id":37,"date":"2024-03-14T10:44:01","date_gmt":"2024-03-14T10:44:01","guid":{"rendered":"https:\/\/ekar.ee\/?page_id=37"},"modified":"2025-02-27T13:50:52","modified_gmt":"2025-02-27T13:50:52","slug":"galerii","status":"publish","type":"page","link":"https:\/\/ekar.ee\/en\/galerii\/","title":{"rendered":"Galerii"},"content":{"rendered":"<div data-elementor-type=\"wp-page\" data-elementor-id=\"37\" class=\"elementor elementor-37\" data-elementor-post-type=\"page\">\n\t\t\t\t<div class=\"elementor-element elementor-element-c7e3cfc e-flex e-con-boxed e-con e-parent\" data-id=\"c7e3cfc\" data-element_type=\"container\" data-e-type=\"container\" data-settings=\"{&quot;background_background&quot;:&quot;slideshow&quot;,&quot;background_slideshow_gallery&quot;:[],&quot;background_slideshow_loop&quot;:&quot;yes&quot;,&quot;background_slideshow_slide_duration&quot;:5000,&quot;background_slideshow_slide_transition&quot;:&quot;fade&quot;,&quot;background_slideshow_transition_duration&quot;:500}\">\n\t\t\t\t\t<div class=\"e-con-inner\">\n\t\t<div class=\"elementor-element elementor-element-927ae58 e-con-full e-flex e-con e-child\" data-id=\"927ae58\" data-element_type=\"container\" data-e-type=\"container\" data-settings=\"{&quot;background_background&quot;:&quot;classic&quot;}\">\n\t\t\t\t<div class=\"elementor-element elementor-element-b0ade99 elementor-widget elementor-widget-heading\" data-id=\"b0ade99\" data-element_type=\"widget\" data-e-type=\"widget\" data-widget_type=\"heading.default\">\n\t\t\t\t<div class=\"elementor-widget-container\">\n\t\t\t\t\t<h1 class=\"elementor-heading-title elementor-size-default\">Galerii<\/h1>\t\t\t\t<\/div>\n\t\t\t\t<\/div>\n\t\t\t\t<div class=\"elementor-element elementor-element-d7955aa elementor-widget elementor-widget-text-editor\" data-id=\"d7955aa\" data-element_type=\"widget\" data-e-type=\"widget\" data-widget_type=\"text-editor.default\">\n\t\t\t\t<div class=\"elementor-widget-container\">\n\t\t\t\t\t\t\t\t\t<p>Allpool leiate galerii meie erinevast toodangust, millest aja jooksul m\u00f5ned n\u00e4idised \u00fcle on j\u00e4\u00e4nud. Siin on n\u00e4ha ka m\u00f5ned eriprojektid, millega oleme tegelenud, nagu n\u00e4iteks metallist p\u00f5drad (k\u00fc\u00fcnlajalad ning paberihoidikud) v\u00f5i tr\u00fckiga korvpallid. Needki iselomustavad meie suutlikust vastu v\u00f5tta pisut teist laadi tellimusi ning kohandada oma seadmeid ning v\u00f5imekust vastavalt.<\/p>\t\t\t\t\t\t\t\t<\/div>\n\t\t\t\t<\/div>\n\t\t\t\t<div class=\"elementor-element elementor-element-6c12374 elementor-widget elementor-widget-gallery\" data-id=\"6c12374\" data-element_type=\"widget\" data-e-type=\"widget\" data-settings=\"{&quot;lazyload&quot;:&quot;yes&quot;,&quot;gallery_layout&quot;:&quot;grid&quot;,&quot;columns&quot;:4,&quot;columns_tablet&quot;:2,&quot;columns_mobile&quot;:1,&quot;gap&quot;:{&quot;unit&quot;:&quot;px&quot;,&quot;size&quot;:10,&quot;sizes&quot;:[]},&quot;gap_tablet&quot;:{&quot;unit&quot;:&quot;px&quot;,&quot;size&quot;:10,&quot;sizes&quot;:[]},&quot;gap_mobile&quot;:{&quot;unit&quot;:&quot;px&quot;,&quot;size&quot;:10,&quot;sizes&quot;:[]},&quot;link_to&quot;:&quot;file&quot;,&quot;aspect_ratio&quot;:&quot;3:2&quot;,&quot;overlay_background&quot;:&quot;yes&quot;,&quot;content_hover_animation&quot;:&quot;fade-in&quot;}\" data-widget_type=\"gallery.default\">\n\t\t\t\t<div class=\"elementor-widget-container\">\n\t\t\t\t\t\t\t<div class=\"elementor-gallery__container\">\n\t\t\t\t\t\t\t<a class=\"e-gallery-item elementor-gallery-item elementor-animated-content\" href=\"https:\/\/ekar.ee\/wp-content\/uploads\/2024\/08\/Digiprinter-scaled.jpg\" data-elementor-open-lightbox=\"yes\" data-elementor-lightbox-slideshow=\"6c12374\" data-elementor-lightbox-title=\"Digiprinter\" data-e-action-hash=\"#elementor-action%3Aaction%3Dlightbox%26settings%3DeyJpZCI6NjcxLCJ1cmwiOiJodHRwczpcL1wvZWthci5lZVwvd3AtY29udGVudFwvdXBsb2Fkc1wvMjAyNFwvMDhcL0RpZ2lwcmludGVyLXNjYWxlZC5qcGciLCJzbGlkZXNob3ciOiI2YzEyMzc0In0%3D\">\n\t\t\t\t\t<div class=\"e-gallery-image elementor-gallery-item__image\" data-thumbnail=\"https:\/\/ekar.ee\/wp-content\/uploads\/2024\/08\/Digiprinter-768x578.jpg\" data-width=\"768\" data-height=\"578\" aria-label=\"Digiprinter\" role=\"img\" ><\/div>\n\t\t\t\t\t\t\t\t\t\t\t<div class=\"elementor-gallery-item__overlay\"><\/div>\n\t\t\t\t\t\t\t\t\t\t\t\t\t\t<\/a>\n\t\t\t\t\t\t\t<a class=\"e-gallery-item elementor-gallery-item elementor-animated-content\" href=\"https:\/\/ekar.ee\/wp-content\/uploads\/2024\/08\/Disainpoll-2-scaled.jpg\" data-elementor-open-lightbox=\"yes\" data-elementor-lightbox-slideshow=\"6c12374\" data-elementor-lightbox-title=\"Disainp\u00f5ll 2\" data-e-action-hash=\"#elementor-action%3Aaction%3Dlightbox%26settings%3DeyJpZCI6NjcyLCJ1cmwiOiJodHRwczpcL1wvZWthci5lZVwvd3AtY29udGVudFwvdXBsb2Fkc1wvMjAyNFwvMDhcL0Rpc2FpbnBvbGwtMi1zY2FsZWQuanBnIiwic2xpZGVzaG93IjoiNmMxMjM3NCJ9\">\n\t\t\t\t\t<div class=\"e-gallery-image elementor-gallery-item__image\" data-thumbnail=\"https:\/\/ekar.ee\/wp-content\/uploads\/2024\/08\/Disainpoll-2-768x1020.jpg\" data-width=\"768\" data-height=\"1020\" aria-label=\"Disainp\u00f5ll 2\" role=\"img\" ><\/div>\n\t\t\t\t\t\t\t\t\t\t\t<div class=\"elementor-gallery-item__overlay\"><\/div>\n\t\t\t\t\t\t\t\t\t\t\t\t\t\t<\/a>\n\t\t\t\t\t\t\t<a class=\"e-gallery-item elementor-gallery-item elementor-animated-content\" href=\"https:\/\/ekar.ee\/wp-content\/uploads\/2024\/08\/Disainpoll-scaled.jpg\" data-elementor-open-lightbox=\"yes\" data-elementor-lightbox-slideshow=\"6c12374\" data-elementor-lightbox-title=\"Disainp\u00f5ll\" data-e-action-hash=\"#elementor-action%3Aaction%3Dlightbox%26settings%3DeyJpZCI6NjczLCJ1cmwiOiJodHRwczpcL1wvZWthci5lZVwvd3AtY29udGVudFwvdXBsb2Fkc1wvMjAyNFwvMDhcL0Rpc2FpbnBvbGwtc2NhbGVkLmpwZyIsInNsaWRlc2hvdyI6IjZjMTIzNzQifQ%3D%3D\">\n\t\t\t\t\t<div class=\"e-gallery-image elementor-gallery-item__image\" data-thumbnail=\"https:\/\/ekar.ee\/wp-content\/uploads\/2024\/08\/Disainpoll-768x1020.jpg\" data-width=\"768\" data-height=\"1020\" aria-label=\"Disainp\u00f5ll\" role=\"img\" ><\/div>\n\t\t\t\t\t\t\t\t\t\t\t<div class=\"elementor-gallery-item__overlay\"><\/div>\n\t\t\t\t\t\t\t\t\t\t\t\t\t\t<\/a>\n\t\t\t\t\t\t\t<a class=\"e-gallery-item elementor-gallery-item elementor-animated-content\" href=\"https:\/\/ekar.ee\/wp-content\/uploads\/2024\/08\/Eesti-vapp-kleepsud-scaled.jpg\" data-elementor-open-lightbox=\"yes\" data-elementor-lightbox-slideshow=\"6c12374\" data-elementor-lightbox-title=\"Eesti vapp - kleepsud\" data-e-action-hash=\"#elementor-action%3Aaction%3Dlightbox%26settings%3DeyJpZCI6Njc2LCJ1cmwiOiJodHRwczpcL1wvZWthci5lZVwvd3AtY29udGVudFwvdXBsb2Fkc1wvMjAyNFwvMDhcL0Vlc3RpLXZhcHAta2xlZXBzdWQtc2NhbGVkLmpwZyIsInNsaWRlc2hvdyI6IjZjMTIzNzQifQ%3D%3D\">\n\t\t\t\t\t<div class=\"e-gallery-image elementor-gallery-item__image\" data-thumbnail=\"https:\/\/ekar.ee\/wp-content\/uploads\/2024\/08\/Eesti-vapp-kleepsud-768x578.jpg\" data-width=\"768\" data-height=\"578\" aria-label=\"\" role=\"img\" ><\/div>\n\t\t\t\t\t\t\t\t\t\t\t<div class=\"elementor-gallery-item__overlay\"><\/div>\n\t\t\t\t\t\t\t\t\t\t\t\t\t\t<\/a>\n\t\t\t\t\t\t\t<a class=\"e-gallery-item elementor-gallery-item elementor-animated-content\" href=\"https:\/\/ekar.ee\/wp-content\/uploads\/2024\/08\/Estonian-Motorcycle-Club-kleeps-scaled.jpg\" data-elementor-open-lightbox=\"yes\" data-elementor-lightbox-slideshow=\"6c12374\" data-elementor-lightbox-title=\"Estonian Motorcycle Club kleeps\" data-e-action-hash=\"#elementor-action%3Aaction%3Dlightbox%26settings%3DeyJpZCI6Njc3LCJ1cmwiOiJodHRwczpcL1wvZWthci5lZVwvd3AtY29udGVudFwvdXBsb2Fkc1wvMjAyNFwvMDhcL0VzdG9uaWFuLU1vdG9yY3ljbGUtQ2x1Yi1rbGVlcHMtc2NhbGVkLmpwZyIsInNsaWRlc2hvdyI6IjZjMTIzNzQifQ%3D%3D\">\n\t\t\t\t\t<div class=\"e-gallery-image elementor-gallery-item__image\" data-thumbnail=\"https:\/\/ekar.ee\/wp-content\/uploads\/2024\/08\/Estonian-Motorcycle-Club-kleeps-768x1020.jpg\" data-width=\"768\" data-height=\"1020\" aria-label=\"Estonian Motorcycle Club kleeps\" role=\"img\" ><\/div>\n\t\t\t\t\t\t\t\t\t\t\t<div class=\"elementor-gallery-item__overlay\"><\/div>\n\t\t\t\t\t\t\t\t\t\t\t\t\t\t<\/a>\n\t\t\t\t\t\t\t<a class=\"e-gallery-item elementor-gallery-item elementor-animated-content\" href=\"https:\/\/ekar.ee\/wp-content\/uploads\/2024\/08\/Kleepsud-1-scaled.jpg\" data-elementor-open-lightbox=\"yes\" data-elementor-lightbox-slideshow=\"6c12374\" data-elementor-lightbox-title=\"Kleepsud 1\" data-e-action-hash=\"#elementor-action%3Aaction%3Dlightbox%26settings%3DeyJpZCI6Njc4LCJ1cmwiOiJodHRwczpcL1wvZWthci5lZVwvd3AtY29udGVudFwvdXBsb2Fkc1wvMjAyNFwvMDhcL0tsZWVwc3VkLTEtc2NhbGVkLmpwZyIsInNsaWRlc2hvdyI6IjZjMTIzNzQifQ%3D%3D\">\n\t\t\t\t\t<div class=\"e-gallery-image elementor-gallery-item__image\" data-thumbnail=\"https:\/\/ekar.ee\/wp-content\/uploads\/2024\/08\/Kleepsud-1-768x1020.jpg\" data-width=\"768\" data-height=\"1020\" aria-label=\"Kleepsud 1\" role=\"img\" ><\/div>\n\t\t\t\t\t\t\t\t\t\t\t<div class=\"elementor-gallery-item__overlay\"><\/div>\n\t\t\t\t\t\t\t\t\t\t\t\t\t\t<\/a>\n\t\t\t\t\t\t\t<a class=\"e-gallery-item elementor-gallery-item elementor-animated-content\" href=\"https:\/\/ekar.ee\/wp-content\/uploads\/2024\/08\/Kleepsud-2-scaled.jpg\" data-elementor-open-lightbox=\"yes\" data-elementor-lightbox-slideshow=\"6c12374\" data-elementor-lightbox-title=\"Kleepsud 2\" data-e-action-hash=\"#elementor-action%3Aaction%3Dlightbox%26settings%3DeyJpZCI6Njc5LCJ1cmwiOiJodHRwczpcL1wvZWthci5lZVwvd3AtY29udGVudFwvdXBsb2Fkc1wvMjAyNFwvMDhcL0tsZWVwc3VkLTItc2NhbGVkLmpwZyIsInNsaWRlc2hvdyI6IjZjMTIzNzQifQ%3D%3D\">\n\t\t\t\t\t<div class=\"e-gallery-image elementor-gallery-item__image\" data-thumbnail=\"https:\/\/ekar.ee\/wp-content\/uploads\/2024\/08\/Kleepsud-2-768x1020.jpg\" data-width=\"768\" data-height=\"1020\" aria-label=\"Kleepsud 2\" role=\"img\" ><\/div>\n\t\t\t\t\t\t\t\t\t\t\t<div class=\"elementor-gallery-item__overlay\"><\/div>\n\t\t\t\t\t\t\t\t\t\t\t\t\t\t<\/a>\n\t\t\t\t\t\t\t<a class=\"e-gallery-item elementor-gallery-item elementor-animated-content\" href=\"https:\/\/ekar.ee\/wp-content\/uploads\/2024\/08\/Kleepsud-3-scaled.jpg\" data-elementor-open-lightbox=\"yes\" data-elementor-lightbox-slideshow=\"6c12374\" data-elementor-lightbox-title=\"Kleepsud 3\" data-e-action-hash=\"#elementor-action%3Aaction%3Dlightbox%26settings%3DeyJpZCI6NjgwLCJ1cmwiOiJodHRwczpcL1wvZWthci5lZVwvd3AtY29udGVudFwvdXBsb2Fkc1wvMjAyNFwvMDhcL0tsZWVwc3VkLTMtc2NhbGVkLmpwZyIsInNsaWRlc2hvdyI6IjZjMTIzNzQifQ%3D%3D\">\n\t\t\t\t\t<div class=\"e-gallery-image elementor-gallery-item__image\" data-thumbnail=\"https:\/\/ekar.ee\/wp-content\/uploads\/2024\/08\/Kleepsud-3-768x1020.jpg\" data-width=\"768\" data-height=\"1020\" aria-label=\"Kleepsud 3\" role=\"img\" ><\/div>\n\t\t\t\t\t\t\t\t\t\t\t<div class=\"elementor-gallery-item__overlay\"><\/div>\n\t\t\t\t\t\t\t\t\t\t\t\t\t\t<\/a>\n\t\t\t\t\t\t\t<a class=\"e-gallery-item elementor-gallery-item elementor-animated-content\" href=\"https:\/\/ekar.ee\/wp-content\/uploads\/2024\/08\/Korvpallid-trukiga-scaled.jpg\" data-elementor-open-lightbox=\"yes\" data-elementor-lightbox-slideshow=\"6c12374\" data-elementor-lightbox-title=\"Korvpallid tr\u00fckiga\" data-e-action-hash=\"#elementor-action%3Aaction%3Dlightbox%26settings%3DeyJpZCI6NjgxLCJ1cmwiOiJodHRwczpcL1wvZWthci5lZVwvd3AtY29udGVudFwvdXBsb2Fkc1wvMjAyNFwvMDhcL0tvcnZwYWxsaWQtdHJ1a2lnYS1zY2FsZWQuanBnIiwic2xpZGVzaG93IjoiNmMxMjM3NCJ9\">\n\t\t\t\t\t<div class=\"e-gallery-image elementor-gallery-item__image\" data-thumbnail=\"https:\/\/ekar.ee\/wp-content\/uploads\/2024\/08\/Korvpallid-trukiga-768x578.jpg\" data-width=\"768\" data-height=\"578\" aria-label=\"Korvpallid tr\u00fckiga\" role=\"img\" ><\/div>\n\t\t\t\t\t\t\t\t\t\t\t<div class=\"elementor-gallery-item__overlay\"><\/div>\n\t\t\t\t\t\t\t\t\t\t\t\t\t\t<\/a>\n\t\t\t\t\t\t\t<a class=\"e-gallery-item elementor-gallery-item elementor-animated-content\" href=\"https:\/\/ekar.ee\/wp-content\/uploads\/2024\/08\/Lambad-scaled.jpg\" data-elementor-open-lightbox=\"yes\" data-elementor-lightbox-slideshow=\"6c12374\" data-elementor-lightbox-title=\"Lambad\" data-e-action-hash=\"#elementor-action%3Aaction%3Dlightbox%26settings%3DeyJpZCI6NjgyLCJ1cmwiOiJodHRwczpcL1wvZWthci5lZVwvd3AtY29udGVudFwvdXBsb2Fkc1wvMjAyNFwvMDhcL0xhbWJhZC1zY2FsZWQuanBnIiwic2xpZGVzaG93IjoiNmMxMjM3NCJ9\">\n\t\t\t\t\t<div class=\"e-gallery-image elementor-gallery-item__image\" data-thumbnail=\"https:\/\/ekar.ee\/wp-content\/uploads\/2024\/08\/Lambad-768x578.jpg\" data-width=\"768\" data-height=\"578\" aria-label=\"Lambad\" role=\"img\" ><\/div>\n\t\t\t\t\t\t\t\t\t\t\t<div class=\"elementor-gallery-item__overlay\"><\/div>\n\t\t\t\t\t\t\t\t\t\t\t\t\t\t<\/a>\n\t\t\t\t\t\t\t<a class=\"e-gallery-item elementor-gallery-item elementor-animated-content\" href=\"https:\/\/ekar.ee\/wp-content\/uploads\/2024\/08\/Lehvituslipud-scaled.jpg\" data-elementor-open-lightbox=\"yes\" data-elementor-lightbox-slideshow=\"6c12374\" data-elementor-lightbox-title=\"Lehvituslipud\" data-e-action-hash=\"#elementor-action%3Aaction%3Dlightbox%26settings%3DeyJpZCI6NjgzLCJ1cmwiOiJodHRwczpcL1wvZWthci5lZVwvd3AtY29udGVudFwvdXBsb2Fkc1wvMjAyNFwvMDhcL0xlaHZpdHVzbGlwdWQtc2NhbGVkLmpwZyIsInNsaWRlc2hvdyI6IjZjMTIzNzQifQ%3D%3D\">\n\t\t\t\t\t<div class=\"e-gallery-image elementor-gallery-item__image\" data-thumbnail=\"https:\/\/ekar.ee\/wp-content\/uploads\/2024\/08\/Lehvituslipud-768x1020.jpg\" data-width=\"768\" data-height=\"1020\" aria-label=\"Lehvituslipud\" role=\"img\" ><\/div>\n\t\t\t\t\t\t\t\t\t\t\t<div class=\"elementor-gallery-item__overlay\"><\/div>\n\t\t\t\t\t\t\t\t\t\t\t\t\t\t<\/a>\n\t\t\t\t\t\t\t<a class=\"e-gallery-item elementor-gallery-item elementor-animated-content\" href=\"https:\/\/ekar.ee\/wp-content\/uploads\/2024\/08\/Nokats-scaled.jpg\" data-elementor-open-lightbox=\"yes\" data-elementor-lightbox-slideshow=\"6c12374\" data-elementor-lightbox-title=\"Nokats\" data-e-action-hash=\"#elementor-action%3Aaction%3Dlightbox%26settings%3DeyJpZCI6Njg0LCJ1cmwiOiJodHRwczpcL1wvZWthci5lZVwvd3AtY29udGVudFwvdXBsb2Fkc1wvMjAyNFwvMDhcL05va2F0cy1zY2FsZWQuanBnIiwic2xpZGVzaG93IjoiNmMxMjM3NCJ9\">\n\t\t\t\t\t<div class=\"e-gallery-image elementor-gallery-item__image\" data-thumbnail=\"https:\/\/ekar.ee\/wp-content\/uploads\/2024\/08\/Nokats-768x1020.jpg\" data-width=\"768\" data-height=\"1020\" aria-label=\"Nokats\" role=\"img\" ><\/div>\n\t\t\t\t\t\t\t\t\t\t\t<div class=\"elementor-gallery-item__overlay\"><\/div>\n\t\t\t\t\t\t\t\t\t\t\t\t\t\t<\/a>\n\t\t\t\t\t\t\t<a class=\"e-gallery-item elementor-gallery-item elementor-animated-content\" href=\"https:\/\/ekar.ee\/wp-content\/uploads\/2024\/08\/Omblusmasin-scaled.jpg\" data-elementor-open-lightbox=\"yes\" data-elementor-lightbox-slideshow=\"6c12374\" data-elementor-lightbox-title=\"\u00d5mblusmasin\" data-e-action-hash=\"#elementor-action%3Aaction%3Dlightbox%26settings%3DeyJpZCI6Njg1LCJ1cmwiOiJodHRwczpcL1wvZWthci5lZVwvd3AtY29udGVudFwvdXBsb2Fkc1wvMjAyNFwvMDhcL09tYmx1c21hc2luLXNjYWxlZC5qcGciLCJzbGlkZXNob3ciOiI2YzEyMzc0In0%3D\">\n\t\t\t\t\t<div class=\"e-gallery-image elementor-gallery-item__image\" data-thumbnail=\"https:\/\/ekar.ee\/wp-content\/uploads\/2024\/08\/Omblusmasin-768x578.jpg\" data-width=\"768\" data-height=\"578\" aria-label=\"\u00d5mblusmasin\" role=\"img\" ><\/div>\n\t\t\t\t\t\t\t\t\t\t\t<div class=\"elementor-gallery-item__overlay\"><\/div>\n\t\t\t\t\t\t\t\t\t\t\t\t\t\t<\/a>\n\t\t\t\t\t\t\t<a class=\"e-gallery-item elementor-gallery-item elementor-animated-content\" href=\"https:\/\/ekar.ee\/wp-content\/uploads\/2024\/08\/Podrad2-scaled.jpg\" data-elementor-open-lightbox=\"yes\" data-elementor-lightbox-slideshow=\"6c12374\" data-elementor-lightbox-title=\"P\u00f5drad2\" data-e-action-hash=\"#elementor-action%3Aaction%3Dlightbox%26settings%3DeyJpZCI6Njg3LCJ1cmwiOiJodHRwczpcL1wvZWthci5lZVwvd3AtY29udGVudFwvdXBsb2Fkc1wvMjAyNFwvMDhcL1BvZHJhZDItc2NhbGVkLmpwZyIsInNsaWRlc2hvdyI6IjZjMTIzNzQifQ%3D%3D\">\n\t\t\t\t\t<div class=\"e-gallery-image elementor-gallery-item__image\" data-thumbnail=\"https:\/\/ekar.ee\/wp-content\/uploads\/2024\/08\/Podrad2-768x578.jpg\" data-width=\"768\" data-height=\"578\" aria-label=\"P\u00f5drad2\" role=\"img\" ><\/div>\n\t\t\t\t\t\t\t\t\t\t\t<div class=\"elementor-gallery-item__overlay\"><\/div>\n\t\t\t\t\t\t\t\t\t\t\t\t\t\t<\/a>\n\t\t\t\t\t\t\t<a class=\"e-gallery-item elementor-gallery-item elementor-animated-content\" href=\"https:\/\/ekar.ee\/wp-content\/uploads\/2024\/08\/Siiditruki-zabloon-2-scaled.jpg\" data-elementor-open-lightbox=\"yes\" data-elementor-lightbox-slideshow=\"6c12374\" data-elementor-lightbox-title=\"Siiditr\u00fcki \u017eabloon 2\" data-e-action-hash=\"#elementor-action%3Aaction%3Dlightbox%26settings%3DeyJpZCI6Njg4LCJ1cmwiOiJodHRwczpcL1wvZWthci5lZVwvd3AtY29udGVudFwvdXBsb2Fkc1wvMjAyNFwvMDhcL1NpaWRpdHJ1a2ktemFibG9vbi0yLXNjYWxlZC5qcGciLCJzbGlkZXNob3ciOiI2YzEyMzc0In0%3D\">\n\t\t\t\t\t<div class=\"e-gallery-image elementor-gallery-item__image\" data-thumbnail=\"https:\/\/ekar.ee\/wp-content\/uploads\/2024\/08\/Siiditruki-zabloon-2-768x578.jpg\" data-width=\"768\" data-height=\"578\" aria-label=\"Siiditr\u00fcki \u017eabloon 2\" role=\"img\" ><\/div>\n\t\t\t\t\t\t\t\t\t\t\t<div class=\"elementor-gallery-item__overlay\"><\/div>\n\t\t\t\t\t\t\t\t\t\t\t\t\t\t<\/a>\n\t\t\t\t\t\t\t<a class=\"e-gallery-item elementor-gallery-item elementor-animated-content\" href=\"https:\/\/ekar.ee\/wp-content\/uploads\/2024\/08\/Siiditruki-zabloon-scaled.jpg\" data-elementor-open-lightbox=\"yes\" data-elementor-lightbox-slideshow=\"6c12374\" data-elementor-lightbox-title=\"Siiditr\u00fcki \u017eabloon\" data-e-action-hash=\"#elementor-action%3Aaction%3Dlightbox%26settings%3DeyJpZCI6Njg5LCJ1cmwiOiJodHRwczpcL1wvZWthci5lZVwvd3AtY29udGVudFwvdXBsb2Fkc1wvMjAyNFwvMDhcL1NpaWRpdHJ1a2ktemFibG9vbi1zY2FsZWQuanBnIiwic2xpZGVzaG93IjoiNmMxMjM3NCJ9\">\n\t\t\t\t\t<div class=\"e-gallery-image elementor-gallery-item__image\" data-thumbnail=\"https:\/\/ekar.ee\/wp-content\/uploads\/2024\/08\/Siiditruki-zabloon-768x578.jpg\" data-width=\"768\" data-height=\"578\" aria-label=\"Siiditr\u00fcki \u017eabloon\" role=\"img\" ><\/div>\n\t\t\t\t\t\t\t\t\t\t\t<div class=\"elementor-gallery-item__overlay\"><\/div>\n\t\t\t\t\t\t\t\t\t\t\t\t\t\t<\/a>\n\t\t\t\t\t\t\t<a class=\"e-gallery-item elementor-gallery-item elementor-animated-content\" href=\"https:\/\/ekar.ee\/wp-content\/uploads\/2024\/08\/Siiditruki-zabloonid-2-scaled.jpg\" data-elementor-open-lightbox=\"yes\" data-elementor-lightbox-slideshow=\"6c12374\" data-elementor-lightbox-title=\"Siiditr\u00fcki \u017eabloonid 2\" data-e-action-hash=\"#elementor-action%3Aaction%3Dlightbox%26settings%3DeyJpZCI6NjkwLCJ1cmwiOiJodHRwczpcL1wvZWthci5lZVwvd3AtY29udGVudFwvdXBsb2Fkc1wvMjAyNFwvMDhcL1NpaWRpdHJ1a2ktemFibG9vbmlkLTItc2NhbGVkLmpwZyIsInNsaWRlc2hvdyI6IjZjMTIzNzQifQ%3D%3D\">\n\t\t\t\t\t<div class=\"e-gallery-image elementor-gallery-item__image\" data-thumbnail=\"https:\/\/ekar.ee\/wp-content\/uploads\/2024\/08\/Siiditruki-zabloonid-2-768x578.jpg\" data-width=\"768\" data-height=\"578\" aria-label=\"Siiditr\u00fcki \u017eabloonid 2\" role=\"img\" ><\/div>\n\t\t\t\t\t\t\t\t\t\t\t<div class=\"elementor-gallery-item__overlay\"><\/div>\n\t\t\t\t\t\t\t\t\t\t\t\t\t\t<\/a>\n\t\t\t\t\t\t\t<a class=\"e-gallery-item elementor-gallery-item elementor-animated-content\" href=\"https:\/\/ekar.ee\/wp-content\/uploads\/2024\/08\/Siiditruki-zabloonid-scaled.jpg\" data-elementor-open-lightbox=\"yes\" data-elementor-lightbox-slideshow=\"6c12374\" data-elementor-lightbox-title=\"Siiditr\u00fcki \u017eabloonid\" data-e-action-hash=\"#elementor-action%3Aaction%3Dlightbox%26settings%3DeyJpZCI6NjkxLCJ1cmwiOiJodHRwczpcL1wvZWthci5lZVwvd3AtY29udGVudFwvdXBsb2Fkc1wvMjAyNFwvMDhcL1NpaWRpdHJ1a2ktemFibG9vbmlkLXNjYWxlZC5qcGciLCJzbGlkZXNob3ciOiI2YzEyMzc0In0%3D\">\n\t\t\t\t\t<div class=\"e-gallery-image elementor-gallery-item__image\" data-thumbnail=\"https:\/\/ekar.ee\/wp-content\/uploads\/2024\/08\/Siiditruki-zabloonid-768x1020.jpg\" data-width=\"768\" data-height=\"1020\" aria-label=\"Siiditr\u00fcki \u017eabloonid\" role=\"img\" ><\/div>\n\t\t\t\t\t\t\t\t\t\t\t<div class=\"elementor-gallery-item__overlay\"><\/div>\n\t\t\t\t\t\t\t\t\t\t\t\t\t\t<\/a>\n\t\t\t\t\t\t\t<a class=\"e-gallery-item elementor-gallery-item elementor-animated-content\" href=\"https:\/\/ekar.ee\/wp-content\/uploads\/2024\/08\/Tekstiilile-trukk-silm-scaled.jpg\" data-elementor-open-lightbox=\"yes\" data-elementor-lightbox-slideshow=\"6c12374\" data-elementor-lightbox-title=\"Tekstiilile tr\u00fckk - silm\" data-e-action-hash=\"#elementor-action%3Aaction%3Dlightbox%26settings%3DeyJpZCI6NjkyLCJ1cmwiOiJodHRwczpcL1wvZWthci5lZVwvd3AtY29udGVudFwvdXBsb2Fkc1wvMjAyNFwvMDhcL1Rla3N0aWlsaWxlLXRydWtrLXNpbG0tc2NhbGVkLmpwZyIsInNsaWRlc2hvdyI6IjZjMTIzNzQifQ%3D%3D\">\n\t\t\t\t\t<div class=\"e-gallery-image elementor-gallery-item__image\" data-thumbnail=\"https:\/\/ekar.ee\/wp-content\/uploads\/2024\/08\/Tekstiilile-trukk-silm-768x578.jpg\" data-width=\"768\" data-height=\"578\" aria-label=\"Tekstiilile tr\u00fckk - silm\" role=\"img\" ><\/div>\n\t\t\t\t\t\t\t\t\t\t\t<div class=\"elementor-gallery-item__overlay\"><\/div>\n\t\t\t\t\t\t\t\t\t\t\t\t\t\t<\/a>\n\t\t\t\t\t\t\t<a class=\"e-gallery-item elementor-gallery-item elementor-animated-content\" href=\"https:\/\/ekar.ee\/wp-content\/uploads\/2024\/08\/Toolaud-scaled.jpg\" data-elementor-open-lightbox=\"yes\" data-elementor-lightbox-slideshow=\"6c12374\" data-elementor-lightbox-title=\"T\u00f6\u00f6laud\" data-e-action-hash=\"#elementor-action%3Aaction%3Dlightbox%26settings%3DeyJpZCI6NjkzLCJ1cmwiOiJodHRwczpcL1wvZWthci5lZVwvd3AtY29udGVudFwvdXBsb2Fkc1wvMjAyNFwvMDhcL1Rvb2xhdWQtc2NhbGVkLmpwZyIsInNsaWRlc2hvdyI6IjZjMTIzNzQifQ%3D%3D\">\n\t\t\t\t\t<div class=\"e-gallery-image elementor-gallery-item__image\" data-thumbnail=\"https:\/\/ekar.ee\/wp-content\/uploads\/2024\/08\/Toolaud-768x578.jpg\" data-width=\"768\" data-height=\"578\" aria-label=\"T\u00f6\u00f6laud\" role=\"img\" ><\/div>\n\t\t\t\t\t\t\t\t\t\t\t<div class=\"elementor-gallery-item__overlay\"><\/div>\n\t\t\t\t\t\t\t\t\t\t\t\t\t\t<\/a>\n\t\t\t\t\t\t\t<a class=\"e-gallery-item elementor-gallery-item elementor-animated-content\" href=\"https:\/\/ekar.ee\/wp-content\/uploads\/2024\/08\/Trukinaidised-scaled.jpg\" data-elementor-open-lightbox=\"yes\" data-elementor-lightbox-slideshow=\"6c12374\" data-elementor-lightbox-title=\"Tr\u00fckin\u00e4idised\" data-e-action-hash=\"#elementor-action%3Aaction%3Dlightbox%26settings%3DeyJpZCI6Njk0LCJ1cmwiOiJodHRwczpcL1wvZWthci5lZVwvd3AtY29udGVudFwvdXBsb2Fkc1wvMjAyNFwvMDhcL1RydWtpbmFpZGlzZWQtc2NhbGVkLmpwZyIsInNsaWRlc2hvdyI6IjZjMTIzNzQifQ%3D%3D\">\n\t\t\t\t\t<div class=\"e-gallery-image elementor-gallery-item__image\" data-thumbnail=\"https:\/\/ekar.ee\/wp-content\/uploads\/2024\/08\/Trukinaidised-768x578.jpg\" data-width=\"768\" data-height=\"578\" aria-label=\"Tr\u00fckin\u00e4idised\" role=\"img\" ><\/div>\n\t\t\t\t\t\t\t\t\t\t\t<div class=\"elementor-gallery-item__overlay\"><\/div>\n\t\t\t\t\t\t\t\t\t\t\t\t\t\t<\/a>\n\t\t\t\t\t\t\t<a class=\"e-gallery-item elementor-gallery-item elementor-animated-content\" href=\"https:\/\/ekar.ee\/wp-content\/uploads\/2024\/08\/Loikelaud-scaled.jpg\" data-elementor-open-lightbox=\"yes\" data-elementor-lightbox-slideshow=\"6c12374\" data-elementor-lightbox-title=\"L\u00f5ikelaud\" data-e-action-hash=\"#elementor-action%3Aaction%3Dlightbox%26settings%3DeyJpZCI6NTQ1LCJ1cmwiOiJodHRwczpcL1wvZWthci5lZVwvd3AtY29udGVudFwvdXBsb2Fkc1wvMjAyNFwvMDhcL0xvaWtlbGF1ZC1zY2FsZWQuanBnIiwic2xpZGVzaG93IjoiNmMxMjM3NCJ9\">\n\t\t\t\t\t<div class=\"e-gallery-image elementor-gallery-item__image\" data-thumbnail=\"https:\/\/ekar.ee\/wp-content\/uploads\/2024\/08\/Loikelaud-768x578.jpg\" data-width=\"768\" data-height=\"578\" aria-label=\"L\u00f5ikelaud\" role=\"img\" ><\/div>\n\t\t\t\t\t\t\t\t\t\t\t<div class=\"elementor-gallery-item__overlay\"><\/div>\n\t\t\t\t\t\t\t\t\t\t\t\t\t\t<\/a>\n\t\t\t\t\t\t\t<a class=\"e-gallery-item elementor-gallery-item elementor-animated-content\" href=\"https:\/\/ekar.ee\/wp-content\/uploads\/2024\/08\/Eesti-lipud-3-scaled.jpg\" data-elementor-open-lightbox=\"yes\" data-elementor-lightbox-slideshow=\"6c12374\" data-elementor-lightbox-title=\"Eesti lipud 3\" data-e-action-hash=\"#elementor-action%3Aaction%3Dlightbox%26settings%3DeyJpZCI6NzEyLCJ1cmwiOiJodHRwczpcL1wvZWthci5lZVwvd3AtY29udGVudFwvdXBsb2Fkc1wvMjAyNFwvMDhcL0Vlc3RpLWxpcHVkLTMtc2NhbGVkLmpwZyIsInNsaWRlc2hvdyI6IjZjMTIzNzQifQ%3D%3D\">\n\t\t\t\t\t<div class=\"e-gallery-image elementor-gallery-item__image\" data-thumbnail=\"https:\/\/ekar.ee\/wp-content\/uploads\/2024\/08\/Eesti-lipud-3-768x578.jpg\" data-width=\"768\" data-height=\"578\" aria-label=\"Eesti lipud 3\" role=\"img\" ><\/div>\n\t\t\t\t\t\t\t\t\t\t\t<div class=\"elementor-gallery-item__overlay\"><\/div>\n\t\t\t\t\t\t\t\t\t\t\t\t\t\t<\/a>\n\t\t\t\t\t\t\t<a class=\"e-gallery-item elementor-gallery-item elementor-animated-content\" href=\"https:\/\/ekar.ee\/wp-content\/uploads\/2024\/08\/Vimplid-2-scaled.jpg\" data-elementor-open-lightbox=\"yes\" data-elementor-lightbox-slideshow=\"6c12374\" data-elementor-lightbox-title=\"Vimplid (2)\" data-e-action-hash=\"#elementor-action%3Aaction%3Dlightbox%26settings%3DeyJpZCI6NzEzLCJ1cmwiOiJodHRwczpcL1wvZWthci5lZVwvd3AtY29udGVudFwvdXBsb2Fkc1wvMjAyNFwvMDhcL1ZpbXBsaWQtMi1zY2FsZWQuanBnIiwic2xpZGVzaG93IjoiNmMxMjM3NCJ9\">\n\t\t\t\t\t<div class=\"e-gallery-image elementor-gallery-item__image\" data-thumbnail=\"https:\/\/ekar.ee\/wp-content\/uploads\/2024\/08\/Vimplid-2-768x578.jpg\" data-width=\"768\" data-height=\"578\" aria-label=\"Vimplid (2)\" role=\"img\" ><\/div>\n\t\t\t\t\t\t\t\t\t\t\t<div class=\"elementor-gallery-item__overlay\"><\/div>\n\t\t\t\t\t\t\t\t\t\t\t\t\t\t<\/a>\n\t\t\t\t\t<\/div>\n\t\t\t\t\t<\/div>\n\t\t\t\t<\/div>\n\t\t\t\t<\/div>\n\t\t\t\t\t<\/div>\n\t\t\t\t<\/div>\n\t\t\t\t<\/div>","protected":false},"excerpt":{"rendered":"<p>Galerii Allpool leiate galerii meie erinevast toodangust, millest aja jooksul m\u00f5ned n\u00e4idised \u00fcle on j\u00e4\u00e4nud. Siin on n\u00e4ha ka m\u00f5ned eriprojektid, millega oleme tegelenud, nagu n\u00e4iteks metallist p\u00f5drad (k\u00fc\u00fcnlajalad ning paberihoidikud) v\u00f5i tr\u00fckiga korvpallid. Needki iselomustavad meie suutlikust vastu v\u00f5tta pisut teist laadi tellimusi ning kohandada oma seadmeid ning v\u00f5imekust vastavalt.<\/p>","protected":false},"author":1,"featured_media":0,"parent":0,"menu_order":0,"comment_status":"closed","ping_status":"closed","template":"","meta":{"footnotes":""},"class_list":["post-37","page","type-page","status-publish","hentry"],"_links":{"self":[{"href":"https:\/\/ekar.ee\/en\/wp-json\/wp\/v2\/pages\/37","targetHints":{"allow":["GET"]}}],"collection":[{"href":"https:\/\/ekar.ee\/en\/wp-json\/wp\/v2\/pages"}],"about":[{"href":"https:\/\/ekar.ee\/en\/wp-json\/wp\/v2\/types\/page"}],"author":[{"embeddable":true,"href":"https:\/\/ekar.ee\/en\/wp-json\/wp\/v2\/users\/1"}],"replies":[{"embeddable":true,"href":"https:\/\/ekar.ee\/en\/wp-json\/wp\/v2\/comments?post=37"}],"version-history":[{"count":5,"href":"https:\/\/ekar.ee\/en\/wp-json\/wp\/v2\/pages\/37\/revisions"}],"predecessor-version":[{"id":1168,"href":"https:\/\/ekar.ee\/en\/wp-json\/wp\/v2\/pages\/37\/revisions\/1168"}],"wp:attachment":[{"href":"https:\/\/ekar.ee\/en\/wp-json\/wp\/v2\/media?parent=37"}],"curies":[{"name":"wp","href":"https:\/\/api.w.org\/{rel}","templated":true}]}}